{"id":19863,"date":"2025-01-13T11:48:01","date_gmt":"2025-01-13T10:48:01","guid":{"rendered":"https:\/\/loralie.templweb.com\/se\/?page_id=19863"},"modified":"2025-01-31T09:07:33","modified_gmt":"2025-01-31T08:07:33","slug":"villkor-policys","status":"publish","type":"page","link":"https:\/\/loralie.templweb.com\/se\/kundservice\/villkor-policys\/","title":{"rendered":"Villkor &amp; policys"},"content":{"rendered":"\n<section class=\"nab-popup-session\">\n    <div class=\"nab-popup-session-inner\">\n        <a href=\"\" class=\"nab-popup-session-close\">\n            <span class=\"nab-popup-island-close-icon material-icons\">\n                close\n            <\/span>\n        <\/a>\n        <div class=\"nab-popup-session-items\">\n            <div class=\"nab-popup-session-item-image lazyload\" style=\"background-image:inherit\" data-bg-image=\"url(https:\/\/loralie.templweb.com\/se\/wp-content\/themes\/nabsolutions\/assets\/static\/images\/nab-louise.jpeg)\">\n                <header class=\"nab-popup-session-item-image-header\">\n                                            <h5 class=\"nab-popup-session-item-image-header-label\">\n                            H\u00f6r av dig!                        <\/h5>\n                    \n                                            <h2 class=\"nab-popup-session-item-image-header-heading is-white\">\n                            Os\u00e4ker? H\u00f6r av dig s\u00e5 hj\u00e4lper vi dig hitta r\u00e4tt!                        <\/h2>\n                                    <\/header>\n            <\/div>\n\n            <div class=\"nab-popup-session-item\">\n                <div class=\"nab-form-animate-wrapper nab-popup-session-form-wrapper\">\n                    <div class=\"nab-form-animate-inner nab-popup-session-form-inner\">\n                        <h5 class=\"nab-popup-session-title is-green-dark\">\n                            Vill du prata med en expert?                        <\/h5>\n                        <form action=\"\/wp-json\/nabsolutions\/v1\/mail\" class=\"nab-form-area\" data-type=\"popup-session\">\n                        <!-- <form action=\"\/wp-json\/nabsolutions\/v1\/mail\" class=\"nab-form-area\" data-type=\"test\"> -->\n                            <div class=\"nab-form-area-item is-botcheck\">\n                                <input\n                                    type=\"tel\"\n                                    id=\"nab-form-botcheck\"\n                                    class=\"nab-form-area-input is-full is-botcheck\"\n                                >\n                            <\/div>\n                            <div class=\"nab-form-area-item is-pageurl\">\n                                <input\n                                    type=\"text\"\n                                    id=\"nab-form-pageurl\"\n                                    class=\"nab-form-area-pageurl\"\n                                    value=\"https:\/\/loralie.templweb.com\/se\/kundservice\/villkor-policys\/\"\n                                >\n                            <\/div>\n\n                            <div class=\"nab-form-area-item is-small\">\n                                <label for=\"nab-popup-session-form-name\" class=\"nab-form-area-label is-small\">Namn*<\/label>\n                                <input\n                                type=\"text\"\n                                name=\"nab-popup-session-form-name\"\n                                id=\"nab-popup-session-form-name\"\n                                class=\"nab-form-area-input is-full is-required is-small\"\n                                >\n                                <p class=\"nab-form-area-error is-smaller\">Var v\u00e4nlig och fyll i ditt namn.<\/p>\n                            <\/div>\n\n                            <div class=\"nab-form-area-item is-small\">\n                                <label for=\"nab-popup-session-form-email\" class=\"nab-form-area-label is-small\">E-post*<\/label>\n                                <input\n                                    type=\"email\"\n                                    name=\"nab-popup-session-form-email\"\n                                    id=\"nab-popup-session-form-email\"\n                                    class=\"nab-form-area-input is-full is-required is-small\"\n                                >\n                                <p class=\"nab-form-area-error is-smaller\">Var v\u00e4nlig och fyll i e-post.<\/p>\n                            <\/div>\n\n                            <div class=\"nab-form-area-item is-small \">\n                                <label for=\"nab-popup-session-form-company\" class=\"nab-form-area-label is-small\">F\u00f6retag<\/label>\n                                <input\n                                    type=\"text\"\n                                    name=\"nab-popup-session-form-company\"\n                                    id=\"nab-popup-session-form-company\"\n                                    class=\"nab-form-area-input is-full is-small\"\n                                >\n                            <\/div>\n\n                            <div class=\"nab-form-area-item is-submit-item is-popup \">\n                                <button class=\"nab-form-area-submit nab-button green is-full small\">Skicka<\/button>\n                                <img decoding=\"async\" data-src=\"https:\/\/loralie.templweb.com\/se\/wp-content\/themes\/nabsolutions\/assets\/static\/images\/icons\/puff.svg\" alt=\"\" class=\"nab-form-area-submit-icon lazyload\" src=\"data:image\/svg+xml;base64,PHN2ZyB3aWR0aD0iMSIgaGVpZ2h0PSIxIiB4bWxucz0iaHR0cDovL3d3dy53My5vcmcvMjAwMC9zdmciPjwvc3ZnPg==\">\n                            <\/div>\n                        <\/form>\n                    <\/div>\n                    <div class=\"nab-form-animate-inner nab-popup-session-form-inner\" aria-hidden=\"true\">\n                        <div class=\"nab-popup-session-form-success-wrapper\">\n                            <img decoding=\"async\" class=\"nab-popup-session-form-success-image lazyload\" data-src=\"https:\/\/loralie.templweb.com\/se\/wp-content\/themes\/nabsolutions\/assets\/static\/images\/\/icons\/general\/ok.svg\" alt=\"\" src=\"data:image\/svg+xml;base64,PHN2ZyB3aWR0aD0iMSIgaGVpZ2h0PSIxIiB4bWxucz0iaHR0cDovL3d3dy53My5vcmcvMjAwMC9zdmciPjwvc3ZnPg==\">\n                            <p class=\"is-lead nab-popup-session-form-success-text popup-success\">Tack f\u00f6r ditt meddelande! Vi kommer att kontakta dig inom kort.<\/p>\n                        <\/div>\n                    <\/div>\n                <\/div>\n            <\/div>\n        <\/div>\n    <\/div>\n<\/section>\n\n\n\r\n<section class=\"nab-support-hero is-top-of-page\">\r\n    <div class=\"nab-support-hero-inner\">\r\n                    <h1 class=\"nab-support-hero-heading\">H\u00e4r hittar du alla v\u00e5ra villkor &#038; policys<\/h1>\r\n                            <p class=\"nab-support-hero-text\">N\u00e4r du \u00e4r ansluten till eller i kontakt med NAB finns det n\u00e5gra juridiska dokument som kan vara bra att k\u00e4nna till. F\u00f6r att g\u00f6ra det enklare f\u00f6r dig har vi samlat alla l\u00e4nkar och dokumentation p\u00e5 den h\u00e4r sidan s\u00e5 att du l\u00e4tt kan hitta det du s\u00f6ker. H\u00e4r hittar du information som \u00e4r relevant f\u00f6r dig som kund, partner, potentiell kund eller bes\u00f6kare p\u00e5 v\u00e5r webbplats. Om du har n\u00e5gra fr\u00e5gor \u00e4r du alltid v\u00e4lkommen att h\u00f6ra av dig till oss.<\/p>\r\n            <\/div>\r\n<\/section>\n\n\n    <section class=\"nab-link-island\">\n        <div class=\"nab-link-island-inner\">\n            <div class=\"nab-link-island-items\">\n                                    <div class=\"nab-link-island-item\">\n                        <div class=\"nab-link-island-item-inner\">\n                                                            <header class=\"nab-link-island-item-header\">\n                                    <h4 class=\"nab-link-island-item-header-title is-regular is-green-dark\">\n                                        F\u00f6r kunder                                    <\/h4>\n                                <\/header>\n                                \n                                                                                                                                        <a \n                                            href=\"https:\/\/loralie.templweb.com\/se\/kundservice\/villkor-policys\/terms-of-service\/\" \n                                            class=\"nab-link-island-item-link\"\n                                        >\n                                            Terms of service                                            <img decoding=\"async\" data-src=\"https:\/\/loralie.templweb.com\/se\/wp-content\/themes\/nabsolutions\/assets\/static\/images\/\/icons\/general\/trending_flat.svg\" alt=\"Trending right arrow\" class=\"nab-link-arrow-forward nab-link-island-item-link-arrow lazyload\" src=\"data:image\/svg+xml;base64,PHN2ZyB3aWR0aD0iMSIgaGVpZ2h0PSIxIiB4bWxucz0iaHR0cDovL3d3dy53My5vcmcvMjAwMC9zdmciPjwvc3ZnPg==\">\n                                        <\/a>\n                                                                                                                                                <a \n                                            href=\"https:\/\/loralie.templweb.com\/se\/kundservice\/villkor-policys\/license-terms\/\" \n                                            class=\"nab-link-island-item-link\"\n                                        >\n                                            Licensvillkor                                            <img decoding=\"async\" data-src=\"https:\/\/loralie.templweb.com\/se\/wp-content\/themes\/nabsolutions\/assets\/static\/images\/\/icons\/general\/trending_flat.svg\" alt=\"Trending right arrow\" class=\"nab-link-arrow-forward nab-link-island-item-link-arrow lazyload\" src=\"data:image\/svg+xml;base64,PHN2ZyB3aWR0aD0iMSIgaGVpZ2h0PSIxIiB4bWxucz0iaHR0cDovL3d3dy53My5vcmcvMjAwMC9zdmciPjwvc3ZnPg==\">\n                                        <\/a>\n                                                                                                                                                <a \n                                            href=\"https:\/\/loralie.templweb.com\/se\/kundservice\/villkor-policys\/nab-end-user-license-agreement\/\" \n                                            class=\"nab-link-island-item-link\"\n                                        >\n                                            NAB End User License Agreement                                            <img decoding=\"async\" data-src=\"https:\/\/loralie.templweb.com\/se\/wp-content\/themes\/nabsolutions\/assets\/static\/images\/\/icons\/general\/trending_flat.svg\" alt=\"Trending right arrow\" class=\"nab-link-arrow-forward nab-link-island-item-link-arrow lazyload\" src=\"data:image\/svg+xml;base64,PHN2ZyB3aWR0aD0iMSIgaGVpZ2h0PSIxIiB4bWxucz0iaHR0cDovL3d3dy53My5vcmcvMjAwMC9zdmciPjwvc3ZnPg==\">\n                                        <\/a>\n                                                                                                                                                <a \n                                            href=\"https:\/\/loralie.templweb.com\/se\/kundservice\/legals\/forvaltningsvillkor-brons\/\" \n                                            class=\"nab-link-island-item-link\"\n                                        >\n                                            F\u00f6rvaltningsvillkor brons                                            <img decoding=\"async\" data-src=\"https:\/\/loralie.templweb.com\/se\/wp-content\/themes\/nabsolutions\/assets\/static\/images\/\/icons\/general\/trending_flat.svg\" alt=\"Trending right arrow\" class=\"nab-link-arrow-forward nab-link-island-item-link-arrow lazyload\" src=\"data:image\/svg+xml;base64,PHN2ZyB3aWR0aD0iMSIgaGVpZ2h0PSIxIiB4bWxucz0iaHR0cDovL3d3dy53My5vcmcvMjAwMC9zdmciPjwvc3ZnPg==\">\n                                        <\/a>\n                                                                                                                                                <a \n                                            href=\"https:\/\/loralie.templweb.com\/se\/kundservice\/legals\/forvaltningsvillkor-silver\/\" \n                                            class=\"nab-link-island-item-link\"\n                                        >\n                                            F\u00f6rvaltningsvillkor silver                                            <img decoding=\"async\" data-src=\"https:\/\/loralie.templweb.com\/se\/wp-content\/themes\/nabsolutions\/assets\/static\/images\/\/icons\/general\/trending_flat.svg\" alt=\"Trending right arrow\" class=\"nab-link-arrow-forward nab-link-island-item-link-arrow lazyload\" src=\"data:image\/svg+xml;base64,PHN2ZyB3aWR0aD0iMSIgaGVpZ2h0PSIxIiB4bWxucz0iaHR0cDovL3d3dy53My5vcmcvMjAwMC9zdmciPjwvc3ZnPg==\">\n                                        <\/a>\n                                                                                                                                                <a \n                                            href=\"https:\/\/loralie.templweb.com\/se\/kundservice\/legals\/forvaltningsvillkor-guld\/\" \n                                            class=\"nab-link-island-item-link\"\n                                        >\n                                            F\u00f6rvaltningsvillkor guld                                            <img decoding=\"async\" data-src=\"https:\/\/loralie.templweb.com\/se\/wp-content\/themes\/nabsolutions\/assets\/static\/images\/\/icons\/general\/trending_flat.svg\" alt=\"Trending right arrow\" class=\"nab-link-arrow-forward nab-link-island-item-link-arrow lazyload\" src=\"data:image\/svg+xml;base64,PHN2ZyB3aWR0aD0iMSIgaGVpZ2h0PSIxIiB4bWxucz0iaHR0cDovL3d3dy53My5vcmcvMjAwMC9zdmciPjwvc3ZnPg==\">\n                                        <\/a>\n                                                                                                                        <\/div>\n                    <\/div>\n                                    <div class=\"nab-link-island-item\">\n                        <div class=\"nab-link-island-item-inner\">\n                                                            <header class=\"nab-link-island-item-header\">\n                                    <h4 class=\"nab-link-island-item-header-title is-regular is-green-dark\">\n                                        F\u00f6r alla                                    <\/h4>\n                                <\/header>\n                                \n                                                                                                                                        <a \n                                            href=\"https:\/\/loralie.templweb.com\/se\/kundservice\/villkor-policys\/integritetspolicy\/\" \n                                            class=\"nab-link-island-item-link\"\n                                        >\n                                            Integritetspolicy                                            <img decoding=\"async\" data-src=\"https:\/\/loralie.templweb.com\/se\/wp-content\/themes\/nabsolutions\/assets\/static\/images\/\/icons\/general\/trending_flat.svg\" alt=\"Trending right arrow\" class=\"nab-link-arrow-forward nab-link-island-item-link-arrow lazyload\" src=\"data:image\/svg+xml;base64,PHN2ZyB3aWR0aD0iMSIgaGVpZ2h0PSIxIiB4bWxucz0iaHR0cDovL3d3dy53My5vcmcvMjAwMC9zdmciPjwvc3ZnPg==\">\n                                        <\/a>\n                                                                                                                                                <a \n                                            href=\"https:\/\/loralie.templweb.com\/se\/kundservice\/villkor-policys\/cookiepolicy\/\" \n                                            class=\"nab-link-island-item-link\"\n                                        >\n                                            Cookiepolicy                                            <img decoding=\"async\" data-src=\"https:\/\/loralie.templweb.com\/se\/wp-content\/themes\/nabsolutions\/assets\/static\/images\/\/icons\/general\/trending_flat.svg\" alt=\"Trending right arrow\" class=\"nab-link-arrow-forward nab-link-island-item-link-arrow lazyload\" src=\"data:image\/svg+xml;base64,PHN2ZyB3aWR0aD0iMSIgaGVpZ2h0PSIxIiB4bWxucz0iaHR0cDovL3d3dy53My5vcmcvMjAwMC9zdmciPjwvc3ZnPg==\">\n                                        <\/a>\n                                                                                                                        <\/div>\n                    <\/div>\n                            <\/div>\n        <\/div>\n    <\/section>\n\n\n\n<p><\/p>\n","protected":false},"excerpt":{"rendered":"","protected":false},"author":2,"featured_media":0,"parent":14143,"menu_order":0,"comment_status":"closed","ping_status":"closed","template":"","meta":{"_acf_changed":false,"inline_featured_image":false,"footnotes":""},"class_list":["post-19863","page","type-page","status-publish","hentry"],"acf":[],"yoast_head":"<!-- This site is optimized with the Yoast SEO plugin v26.9 - https:\/\/yoast.com\/product\/yoast-seo-wordpress\/ -->\n<title>Villkor &amp; policys - NAB Solutions<\/title>\n<meta name=\"robots\" content=\"noindex, nofollow\" \/>\n<meta property=\"og:locale\" content=\"sv_SE\" \/>\n<meta property=\"og:type\" content=\"article\" \/>\n<meta property=\"og:title\" content=\"Villkor &amp; policys - NAB Solutions\" \/>\n<meta property=\"og:url\" content=\"https:\/\/loralie.templweb.com\/se\/kundservice\/villkor-policys\/\" \/>\n<meta property=\"og:site_name\" content=\"NAB SVERIGE\" \/>\n<meta property=\"article:publisher\" content=\"https:\/\/www.facebook.com\/nabsolutionsab\/\" \/>\n<meta property=\"article:modified_time\" content=\"2025-01-31T08:07:33+00:00\" \/>\n<meta property=\"og:image\" content=\"https:\/\/loralie.templweb.com\/se\/wp-content\/uploads\/sites\/4\/2024\/02\/global_img-min.webp\" \/>\n\t<meta property=\"og:image:width\" content=\"1200\" \/>\n\t<meta property=\"og:image:height\" content=\"675\" \/>\n\t<meta property=\"og:image:type\" content=\"image\/webp\" \/>\n<meta name=\"twitter:card\" content=\"summary_large_image\" \/>\n<meta name=\"twitter:label1\" content=\"Ber\u00e4knad l\u00e4stid\" \/>\n\t<meta name=\"twitter:data1\" content=\"2 minuter\" \/>\n<script type=\"application\/ld+json\" class=\"yoast-schema-graph\">{\"@context\":\"https:\/\/schema.org\",\"@graph\":[{\"@type\":\"WebPage\",\"@id\":\"https:\/\/loralie.templweb.com\/se\/kundservice\/villkor-policys\/\",\"url\":\"https:\/\/loralie.templweb.com\/se\/kundservice\/villkor-policys\/\",\"name\":\"Villkor &amp; policys - NAB Solutions\",\"isPartOf\":{\"@id\":\"https:\/\/loralie.templweb.com\/se\/#website\"},\"datePublished\":\"2025-01-13T10:48:01+00:00\",\"dateModified\":\"2025-01-31T08:07:33+00:00\",\"breadcrumb\":{\"@id\":\"https:\/\/loralie.templweb.com\/se\/kundservice\/villkor-policys\/#breadcrumb\"},\"inLanguage\":\"sv-SE\",\"potentialAction\":[{\"@type\":\"ReadAction\",\"target\":[\"https:\/\/loralie.templweb.com\/se\/kundservice\/villkor-policys\/\"]}]},{\"@type\":\"BreadcrumbList\",\"@id\":\"https:\/\/loralie.templweb.com\/se\/kundservice\/villkor-policys\/#breadcrumb\",\"itemListElement\":[{\"@type\":\"ListItem\",\"position\":1,\"name\":\"Hem\",\"item\":\"https:\/\/loralie.templweb.com\/se\/\"},{\"@type\":\"ListItem\",\"position\":2,\"name\":\"Kundservice\",\"item\":\"https:\/\/loralie.templweb.com\/se\/kundservice\/\"},{\"@type\":\"ListItem\",\"position\":3,\"name\":\"Villkor &amp; policys\"}]},{\"@type\":\"WebSite\",\"@id\":\"https:\/\/loralie.templweb.com\/se\/#website\",\"url\":\"https:\/\/loralie.templweb.com\/se\/\",\"name\":\"NAB Solutions AB\",\"description\":\"Experter p\u00e5 Dynamics 365 &amp; Power Platform - NAB Solutions\",\"publisher\":{\"@id\":\"https:\/\/loralie.templweb.com\/se\/#organization\"},\"alternateName\":\"NAB\",\"potentialAction\":[{\"@type\":\"SearchAction\",\"target\":{\"@type\":\"EntryPoint\",\"urlTemplate\":\"https:\/\/loralie.templweb.com\/se\/?s={search_term_string}\"},\"query-input\":{\"@type\":\"PropertyValueSpecification\",\"valueRequired\":true,\"valueName\":\"search_term_string\"}}],\"inLanguage\":\"sv-SE\"},{\"@type\":\"Organization\",\"@id\":\"https:\/\/loralie.templweb.com\/se\/#organization\",\"name\":\"NAB Solutions AB\",\"alternateName\":\"NAB\",\"url\":\"https:\/\/loralie.templweb.com\/se\/\",\"logo\":{\"@type\":\"ImageObject\",\"inLanguage\":\"sv-SE\",\"@id\":\"https:\/\/loralie.templweb.com\/se\/#\/schema\/logo\/image\/\",\"url\":\"https:\/\/loralie.templweb.com\/se\/wp-content\/uploads\/sites\/4\/2023\/06\/nab_logo.svg\",\"contentUrl\":\"https:\/\/loralie.templweb.com\/se\/wp-content\/uploads\/sites\/4\/2023\/06\/nab_logo.svg\",\"width\":\"1024\",\"height\":\"1024\",\"caption\":\"NAB Solutions AB\"},\"image\":{\"@id\":\"https:\/\/loralie.templweb.com\/se\/#\/schema\/logo\/image\/\"},\"sameAs\":[\"https:\/\/www.facebook.com\/nabsolutionsab\/\",\"https:\/\/www.linkedin.com\/company\/nab-solutions-ab\"]}]}<\/script>\n<!-- \/ Yoast SEO plugin. -->","yoast_head_json":{"title":"Villkor &amp; policys - NAB Solutions","robots":{"index":"noindex","follow":"nofollow"},"og_locale":"sv_SE","og_type":"article","og_title":"Villkor &amp; policys - NAB Solutions","og_url":"https:\/\/loralie.templweb.com\/se\/kundservice\/villkor-policys\/","og_site_name":"NAB SVERIGE","article_publisher":"https:\/\/www.facebook.com\/nabsolutionsab\/","article_modified_time":"2025-01-31T08:07:33+00:00","og_image":[{"width":1200,"height":675,"url":"https:\/\/loralie.templweb.com\/se\/wp-content\/uploads\/sites\/4\/2024\/02\/global_img-min.webp","type":"image\/webp"}],"twitter_card":"summary_large_image","twitter_misc":{"Ber\u00e4knad l\u00e4stid":"2 minuter"},"schema":{"@context":"https:\/\/schema.org","@graph":[{"@type":"WebPage","@id":"https:\/\/loralie.templweb.com\/se\/kundservice\/villkor-policys\/","url":"https:\/\/loralie.templweb.com\/se\/kundservice\/villkor-policys\/","name":"Villkor &amp; policys - NAB Solutions","isPartOf":{"@id":"https:\/\/loralie.templweb.com\/se\/#website"},"datePublished":"2025-01-13T10:48:01+00:00","dateModified":"2025-01-31T08:07:33+00:00","breadcrumb":{"@id":"https:\/\/loralie.templweb.com\/se\/kundservice\/villkor-policys\/#breadcrumb"},"inLanguage":"sv-SE","potentialAction":[{"@type":"ReadAction","target":["https:\/\/loralie.templweb.com\/se\/kundservice\/villkor-policys\/"]}]},{"@type":"BreadcrumbList","@id":"https:\/\/loralie.templweb.com\/se\/kundservice\/villkor-policys\/#breadcrumb","itemListElement":[{"@type":"ListItem","position":1,"name":"Hem","item":"https:\/\/loralie.templweb.com\/se\/"},{"@type":"ListItem","position":2,"name":"Kundservice","item":"https:\/\/loralie.templweb.com\/se\/kundservice\/"},{"@type":"ListItem","position":3,"name":"Villkor &amp; policys"}]},{"@type":"WebSite","@id":"https:\/\/loralie.templweb.com\/se\/#website","url":"https:\/\/loralie.templweb.com\/se\/","name":"NAB Solutions AB","description":"Experter p\u00e5 Dynamics 365 &amp; Power Platform - NAB Solutions","publisher":{"@id":"https:\/\/loralie.templweb.com\/se\/#organization"},"alternateName":"NAB","potentialAction":[{"@type":"SearchAction","target":{"@type":"EntryPoint","urlTemplate":"https:\/\/loralie.templweb.com\/se\/?s={search_term_string}"},"query-input":{"@type":"PropertyValueSpecification","valueRequired":true,"valueName":"search_term_string"}}],"inLanguage":"sv-SE"},{"@type":"Organization","@id":"https:\/\/loralie.templweb.com\/se\/#organization","name":"NAB Solutions AB","alternateName":"NAB","url":"https:\/\/loralie.templweb.com\/se\/","logo":{"@type":"ImageObject","inLanguage":"sv-SE","@id":"https:\/\/loralie.templweb.com\/se\/#\/schema\/logo\/image\/","url":"https:\/\/loralie.templweb.com\/se\/wp-content\/uploads\/sites\/4\/2023\/06\/nab_logo.svg","contentUrl":"https:\/\/loralie.templweb.com\/se\/wp-content\/uploads\/sites\/4\/2023\/06\/nab_logo.svg","width":"1024","height":"1024","caption":"NAB Solutions AB"},"image":{"@id":"https:\/\/loralie.templweb.com\/se\/#\/schema\/logo\/image\/"},"sameAs":["https:\/\/www.facebook.com\/nabsolutionsab\/","https:\/\/www.linkedin.com\/company\/nab-solutions-ab"]}]}},"_links":{"self":[{"href":"https:\/\/loralie.templweb.com\/se\/wp-json\/wp\/v2\/pages\/19863","targetHints":{"allow":["GET"]}}],"collection":[{"href":"https:\/\/loralie.templweb.com\/se\/wp-json\/wp\/v2\/pages"}],"about":[{"href":"https:\/\/loralie.templweb.com\/se\/wp-json\/wp\/v2\/types\/page"}],"author":[{"embeddable":true,"href":"https:\/\/loralie.templweb.com\/se\/wp-json\/wp\/v2\/users\/2"}],"replies":[{"embeddable":true,"href":"https:\/\/loralie.templweb.com\/se\/wp-json\/wp\/v2\/comments?post=19863"}],"version-history":[{"count":12,"href":"https:\/\/loralie.templweb.com\/se\/wp-json\/wp\/v2\/pages\/19863\/revisions"}],"predecessor-version":[{"id":20300,"href":"https:\/\/loralie.templweb.com\/se\/wp-json\/wp\/v2\/pages\/19863\/revisions\/20300"}],"up":[{"embeddable":true,"href":"https:\/\/loralie.templweb.com\/se\/wp-json\/wp\/v2\/pages\/14143"}],"wp:attachment":[{"href":"https:\/\/loralie.templweb.com\/se\/wp-json\/wp\/v2\/media?parent=19863"}],"curies":[{"name":"wp","href":"https:\/\/api.w.org\/{rel}","templated":true}]}}