{"id":19305,"date":"2024-09-30T15:47:34","date_gmt":"2024-09-30T13:47:34","guid":{"rendered":"https:\/\/loralie.templweb.com\/se\/?page_id=19305"},"modified":"2025-01-28T14:24:08","modified_gmt":"2025-01-28T13:24:08","slug":"vad-ar-hallbarhet-for-oss","status":"publish","type":"page","link":"https:\/\/loralie.templweb.com\/se\/om-nab-solutions\/hallbarhet\/vad-ar-hallbarhet-for-oss\/","title":{"rendered":"Vad \u00e4r h\u00e5llbarhet f\u00f6r oss?"},"content":{"rendered":"\n<section class=\"nab-popup-session\">\n    <div class=\"nab-popup-session-inner\">\n        <a href=\"\" class=\"nab-popup-session-close\">\n            <span class=\"nab-popup-island-close-icon material-icons\">\n                close\n            <\/span>\n        <\/a>\n        <div class=\"nab-popup-session-items\">\n            <div class=\"nab-popup-session-item-image lazyload\" style=\"background-image:inherit\" data-bg-image=\"url(https:\/\/loralie.templweb.com\/se\/wp-content\/themes\/nabsolutions\/assets\/static\/images\/nab-louise.jpeg)\">\n                <header class=\"nab-popup-session-item-image-header\">\n                                            <h5 class=\"nab-popup-session-item-image-header-label\">\n                            H\u00f6r av dig!                        <\/h5>\n                    \n                                            <h2 class=\"nab-popup-session-item-image-header-heading is-white\">\n                            Os\u00e4ker? H\u00f6r av dig s\u00e5 hj\u00e4lper vi dig hitta r\u00e4tt!                        <\/h2>\n                                    <\/header>\n            <\/div>\n\n            <div class=\"nab-popup-session-item\">\n                <div class=\"nab-form-animate-wrapper nab-popup-session-form-wrapper\">\n                    <div class=\"nab-form-animate-inner nab-popup-session-form-inner\">\n                        <h5 class=\"nab-popup-session-title is-green-dark\">\n                            Vill du prata med en expert?                        <\/h5>\n                        <form action=\"\/wp-json\/nabsolutions\/v1\/mail\" class=\"nab-form-area\" data-type=\"popup-session\">\n                        <!-- <form action=\"\/wp-json\/nabsolutions\/v1\/mail\" class=\"nab-form-area\" data-type=\"test\"> -->\n                            <div class=\"nab-form-area-item is-botcheck\">\n                                <input\n                                    type=\"tel\"\n                                    id=\"nab-form-botcheck\"\n                                    class=\"nab-form-area-input is-full is-botcheck\"\n                                >\n                            <\/div>\n                            <div class=\"nab-form-area-item is-pageurl\">\n                                <input\n                                    type=\"text\"\n                                    id=\"nab-form-pageurl\"\n                                    class=\"nab-form-area-pageurl\"\n                                    value=\"https:\/\/loralie.templweb.com\/se\/om-nab-solutions\/hallbarhet\/vad-ar-hallbarhet-for-oss\/\"\n                                >\n                            <\/div>\n\n                            <div class=\"nab-form-area-item is-small\">\n                                <label for=\"nab-popup-session-form-name\" class=\"nab-form-area-label is-small\">Namn*<\/label>\n                                <input\n                                type=\"text\"\n                                name=\"nab-popup-session-form-name\"\n                                id=\"nab-popup-session-form-name\"\n                                class=\"nab-form-area-input is-full is-required is-small\"\n                                >\n                                <p class=\"nab-form-area-error is-smaller\">Var v\u00e4nlig och fyll i ditt namn.<\/p>\n                            <\/div>\n\n                            <div class=\"nab-form-area-item is-small\">\n                                <label for=\"nab-popup-session-form-email\" class=\"nab-form-area-label is-small\">E-post*<\/label>\n                                <input\n                                    type=\"email\"\n                                    name=\"nab-popup-session-form-email\"\n                                    id=\"nab-popup-session-form-email\"\n                                    class=\"nab-form-area-input is-full is-required is-small\"\n                                >\n                                <p class=\"nab-form-area-error is-smaller\">Var v\u00e4nlig och fyll i e-post.<\/p>\n                            <\/div>\n\n                            <div class=\"nab-form-area-item is-small \">\n                                <label for=\"nab-popup-session-form-company\" class=\"nab-form-area-label is-small\">F\u00f6retag<\/label>\n                                <input\n                                    type=\"text\"\n                                    name=\"nab-popup-session-form-company\"\n                                    id=\"nab-popup-session-form-company\"\n                                    class=\"nab-form-area-input is-full is-small\"\n                                >\n                            <\/div>\n\n                            <div class=\"nab-form-area-item is-submit-item is-popup \">\n                                <button class=\"nab-form-area-submit nab-button green is-full small\">Skicka<\/button>\n                                <img decoding=\"async\" data-src=\"https:\/\/loralie.templweb.com\/se\/wp-content\/themes\/nabsolutions\/assets\/static\/images\/icons\/puff.svg\" alt=\"\" class=\"nab-form-area-submit-icon lazyload\" src=\"data:image\/svg+xml;base64,PHN2ZyB3aWR0aD0iMSIgaGVpZ2h0PSIxIiB4bWxucz0iaHR0cDovL3d3dy53My5vcmcvMjAwMC9zdmciPjwvc3ZnPg==\">\n                            <\/div>\n                        <\/form>\n                    <\/div>\n                    <div class=\"nab-form-animate-inner nab-popup-session-form-inner\" aria-hidden=\"true\">\n                        <div class=\"nab-popup-session-form-success-wrapper\">\n                            <img decoding=\"async\" class=\"nab-popup-session-form-success-image lazyload\" data-src=\"https:\/\/loralie.templweb.com\/se\/wp-content\/themes\/nabsolutions\/assets\/static\/images\/\/icons\/general\/ok.svg\" alt=\"\" src=\"data:image\/svg+xml;base64,PHN2ZyB3aWR0aD0iMSIgaGVpZ2h0PSIxIiB4bWxucz0iaHR0cDovL3d3dy53My5vcmcvMjAwMC9zdmciPjwvc3ZnPg==\">\n                            <p class=\"is-lead nab-popup-session-form-success-text popup-success\">Tack f\u00f6r ditt meddelande! Vi kommer att kontakta dig inom kort.<\/p>\n                        <\/div>\n                    <\/div>\n                <\/div>\n            <\/div>\n        <\/div>\n    <\/div>\n<\/section>\n\n\n\n<section class=\"nab-island top-of-page-top-padding  no-padding-bottom\" id=\"\">\n<div class=\"nab-island-inner  \">\n        \n            <p class=\"nab-breadcrumbs\">\n            <a\n                href=\"#\"\n                class=\"nab-breadcumbs-link\"\n            >\n                <img decoding=\"async\" data-src=\"https:\/\/loralie.templweb.com\/se\/wp-content\/themes\/nabsolutions\/assets\/static\/images\/\/icons\/general\/arrow_left.svg\" alt=\"Left facing arrow\" class=\"nab-link-arrow-forward nab-breadcrumbs-link-back-arrow lazyload\" src=\"data:image\/svg+xml;base64,PHN2ZyB3aWR0aD0iMSIgaGVpZ2h0PSIxIiB4bWxucz0iaHR0cDovL3d3dy53My5vcmcvMjAwMC9zdmciPjwvc3ZnPg==\">\n\n                Sida\n            <\/a>\n            <span class=\"nab-breadcumbs-link-slash\"> \/ <\/span>\n                        <span\n                class=\"nab-breadcumbs-link is-regular\"\n            >\n                Vad \u00e4r h\u00e5llbarhet f\u00f6r oss?            <\/span>\n        <\/p>\n    \n        <div class=\"nab-island-wrapper lazyload\"  style=\"background-image:inherit; \"  data-bg-image=\"url(https:\/\/loralie.templweb.com\/se\/wp-content\/uploads\/sites\/4\/2024\/05\/Frame-320-14.jpg)\">\n            <div class=\"nab-island-wrapper-inner \">\n\n                                    <p class=\"nab-island-label \">Vad \u00e4r h\u00e5llbarhet f\u00f6r oss?<\/p>\n                \n                                                            <h1 class=\"nab-island-title-big  \">P\u00e5 NAB handlar h\u00e5llbarhet om att skapa medvetenhet om hur v\u00e5ra val p\u00e5verkar omv\u00e4rlden. <\/h1>\n                                            \n                                    <p class=\"nab-island-text\">Att t\u00e4nka h\u00e5llbart ska vara en sj\u00e4lvklarhet, och p\u00e5 s\u00e5 s\u00e4tt bidrar vi b\u00e5de till f\u00f6retagets framg\u00e5ng och till att bygga en b\u00e4ttre framtid f\u00f6r samh\u00e4llet.<\/p>\n                        \n                                            <\/div>\n        <\/div>\n    <\/div>\n<\/section>\n\n\n<section class=\"nab-text-editor\">\n    <div class=\"nab-text-editor-inner\">\n        <div class=\"nab-text-editor-wrapper\" id=\"text-editor\">\n            \n\n<h3>H\u00e5llbarhetsvision<\/h3>\n<p>V\u00e5r vision f\u00f6r framtiden \u00e4r att bygga ett h\u00e5llbart f\u00f6retag som bidrar positivt till b\u00e5de milj\u00f6n och v\u00e5ra intressenter. Med tydliga h\u00e5llbarhetsprinciper som v\u00e4gledning, fr\u00e5n val av elektronikleverant\u00f6rer till fokus p\u00e5 kollektivt resande, arbetar vi aktivt f\u00f6r att minska utsl\u00e4ppen och minska v\u00e5r milj\u00f6p\u00e5verkan. Social h\u00e5llbarhet \u00e4r lika viktig f\u00f6r oss, och vi str\u00e4var efter att skapa en trygg och inkluderande arbetsplats d\u00e4r alla r\u00f6ster r\u00e4knas. Genom att utveckla aff\u00e4rsmodeller som \u00e4r ekonomiskt h\u00e5llbara p\u00e5 l\u00e5ng sikt, utan att tumma p\u00e5 milj\u00f6n eller v\u00e5ra sociala v\u00e4rderingar, ser vi till att b\u00e5de NAB och v\u00e5rt bidrag till en h\u00e5llbar framtid kan v\u00e4xa tillsammans.<\/p>\n<h3>V\u00e5ra m\u00e5l och \u00e5taganden<\/h3>\n<p>Vi \u00e4r fast beslutna att g\u00f6ra vad vi kan f\u00f6r en h\u00e5llbar framtid, och v\u00e5ra m\u00e5l hj\u00e4lper oss h\u00e5lla fokus. H\u00e4r \u00e4r n\u00e5gra konkreta omr\u00e5den d\u00e4r vi arbetar aktivt f\u00f6r att driva f\u00f6r\u00e4ndring:<\/p>\n<ul>\n<li><strong>Minska koldioxidutsl\u00e4pp<\/strong>: Vi arbetar f\u00f6r att minska b\u00e5de direkta och indirekta koldioxidutsl\u00e4pp.<\/li>\n<li><strong>Energieffektivitet<\/strong>: Genom att anv\u00e4nda effektiva l\u00f6sningar och f\u00f6rnybar energi minskar vi v\u00e5r energif\u00f6rbrukning.<\/li>\n<li><strong>Elektroniskt avfall<\/strong>: Vi hanterar v\u00e5rt elektroniska avfall ansvarsfullt och str\u00e4var efter att f\u00f6rl\u00e4nga livscykeln p\u00e5 v\u00e5ra produkter.<\/li>\n<li><strong>Trygg arbetsplats<\/strong>: Vi forts\u00e4tter att bygga en s\u00e4ker och inkluderande arbetsmilj\u00f6 f\u00f6r v\u00e5ra medarbetare.<\/li>\n<li><strong>Cybers\u00e4kerhet<\/strong>: Vi h\u00e5ller en h\u00f6g niv\u00e5 av cybers\u00e4kerhet f\u00f6r att skydda v\u00e5ra system och data.<\/li>\n<li><strong>Milj\u00f6v\u00e4nliga val<\/strong>: Vi uppmuntrar v\u00e5ra medarbetare att g\u00f6ra milj\u00f6medvetna val, fr\u00e5n att v\u00e4lja cykel till att sopsortera.<\/li>\n<\/ul>\n<h3>V\u00e5r strategi<\/h3>\n<p>P\u00e5 NAB str\u00e4var vi efter att skapa en h\u00e5llbar framtid genom att prioritera f\u00f6rnybar energi, lokalt engagemang och ansvarsfulla leverant\u00f6rsval. Vi fokuserar p\u00e5 att minimera v\u00e5r milj\u00f6p\u00e5verkan genom att \u00e5tervinna och \u00e5teranv\u00e4nda IT-utrustning och genom att implementera h\u00e5llbara l\u00f6sningar i hela v\u00e5r verksamhet. Tillsammans med v\u00e5ra medarbetare och partners arbetar vi aktivt f\u00f6r att bidra till en positiv milj\u00f6p\u00e5verkan och st\u00e4rka lokalsamh\u00e4llet. Vi ser h\u00e5llbarhet som en naturlig del av v\u00e5r aff\u00e4rsmodell, d\u00e4r varje steg \u00e4r ett medvetet val f\u00f6r en gr\u00f6nare framtid och ett h\u00e5llbart samh\u00e4lle.<\/p>\n\n\n            <div class=\"nab-text-editor-hr\">\n            <\/div>\n        <\/div>\n    <\/div>\n<\/section>\n","protected":false},"excerpt":{"rendered":"","protected":false},"author":2,"featured_media":0,"parent":19292,"menu_order":0,"comment_status":"closed","ping_status":"closed","template":"","meta":{"_acf_changed":false,"inline_featured_image":false,"footnotes":""},"class_list":["post-19305","page","type-page","status-publish","hentry"],"acf":[],"yoast_head":"<!-- This site is optimized with the Yoast SEO plugin v26.9 - https:\/\/yoast.com\/product\/yoast-seo-wordpress\/ -->\n<title>Vad \u00e4r h\u00e5llbarhet f\u00f6r oss? - NAB Solutions<\/title>\n<meta name=\"description\" content=\"V\u00e5r framtidsvision \u00e4r att tillsammans bygga ett h\u00e5llbart f\u00f6retag som har en positiv inverkan p\u00e5 b\u00e5de milj\u00f6n och \u00f6vriga intressenter\" \/>\n<meta name=\"robots\" content=\"index, follow, max-snippet:-1, max-image-preview:large, max-video-preview:-1\" \/>\n<link rel=\"canonical\" href=\"https:\/\/loralie.templweb.com\/se\/om-nab-solutions\/hallbarhet\/vad-ar-hallbarhet-for-oss\/\" \/>\n<meta property=\"og:locale\" content=\"sv_SE\" \/>\n<meta property=\"og:type\" content=\"article\" \/>\n<meta property=\"og:title\" content=\"Vad \u00e4r h\u00e5llbarhet f\u00f6r oss? - NAB Solutions\" \/>\n<meta property=\"og:description\" content=\"V\u00e5r framtidsvision \u00e4r att tillsammans bygga ett h\u00e5llbart f\u00f6retag som har en positiv inverkan p\u00e5 b\u00e5de milj\u00f6n och \u00f6vriga intressenter\" \/>\n<meta property=\"og:url\" content=\"https:\/\/loralie.templweb.com\/se\/om-nab-solutions\/hallbarhet\/vad-ar-hallbarhet-for-oss\/\" \/>\n<meta property=\"og:site_name\" content=\"NAB SVERIGE\" \/>\n<meta property=\"article:publisher\" content=\"https:\/\/www.facebook.com\/nabsolutionsab\/\" \/>\n<meta property=\"article:modified_time\" content=\"2025-01-28T13:24:08+00:00\" \/>\n<meta property=\"og:image\" content=\"https:\/\/loralie.templweb.com\/se\/wp-content\/uploads\/sites\/4\/2024\/02\/global_img-min.webp\" \/>\n\t<meta property=\"og:image:width\" content=\"1200\" \/>\n\t<meta property=\"og:image:height\" content=\"675\" \/>\n\t<meta property=\"og:image:type\" content=\"image\/webp\" \/>\n<meta name=\"twitter:card\" content=\"summary_large_image\" \/>\n<meta name=\"twitter:label1\" content=\"Ber\u00e4knad l\u00e4stid\" \/>\n\t<meta name=\"twitter:data1\" content=\"2 minuter\" \/>\n<script type=\"application\/ld+json\" class=\"yoast-schema-graph\">{\"@context\":\"https:\/\/schema.org\",\"@graph\":[{\"@type\":\"WebPage\",\"@id\":\"https:\/\/loralie.templweb.com\/se\/om-nab-solutions\/hallbarhet\/vad-ar-hallbarhet-for-oss\/\",\"url\":\"https:\/\/loralie.templweb.com\/se\/om-nab-solutions\/hallbarhet\/vad-ar-hallbarhet-for-oss\/\",\"name\":\"Vad \u00e4r h\u00e5llbarhet f\u00f6r oss? - NAB Solutions\",\"isPartOf\":{\"@id\":\"https:\/\/loralie.templweb.com\/se\/#website\"},\"datePublished\":\"2024-09-30T13:47:34+00:00\",\"dateModified\":\"2025-01-28T13:24:08+00:00\",\"description\":\"V\u00e5r framtidsvision \u00e4r att tillsammans bygga ett h\u00e5llbart f\u00f6retag som har en positiv inverkan p\u00e5 b\u00e5de milj\u00f6n och \u00f6vriga intressenter\",\"breadcrumb\":{\"@id\":\"https:\/\/loralie.templweb.com\/se\/om-nab-solutions\/hallbarhet\/vad-ar-hallbarhet-for-oss\/#breadcrumb\"},\"inLanguage\":\"sv-SE\",\"potentialAction\":[{\"@type\":\"ReadAction\",\"target\":[\"https:\/\/loralie.templweb.com\/se\/om-nab-solutions\/hallbarhet\/vad-ar-hallbarhet-for-oss\/\"]}]},{\"@type\":\"BreadcrumbList\",\"@id\":\"https:\/\/loralie.templweb.com\/se\/om-nab-solutions\/hallbarhet\/vad-ar-hallbarhet-for-oss\/#breadcrumb\",\"itemListElement\":[{\"@type\":\"ListItem\",\"position\":1,\"name\":\"Hem\",\"item\":\"https:\/\/loralie.templweb.com\/se\/\"},{\"@type\":\"ListItem\",\"position\":2,\"name\":\"Om NAB Solutions\",\"item\":\"https:\/\/loralie.templweb.com\/se\/om-nab-solutions\/\"},{\"@type\":\"ListItem\",\"position\":3,\"name\":\"H\u00e5llbarhet\",\"item\":\"https:\/\/loralie.templweb.com\/se\/om-nab-solutions\/hallbarhet\/\"},{\"@type\":\"ListItem\",\"position\":4,\"name\":\"Vad \u00e4r h\u00e5llbarhet f\u00f6r oss?\"}]},{\"@type\":\"WebSite\",\"@id\":\"https:\/\/loralie.templweb.com\/se\/#website\",\"url\":\"https:\/\/loralie.templweb.com\/se\/\",\"name\":\"NAB Solutions AB\",\"description\":\"Experter p\u00e5 Dynamics 365 &amp; Power Platform - NAB Solutions\",\"publisher\":{\"@id\":\"https:\/\/loralie.templweb.com\/se\/#organization\"},\"alternateName\":\"NAB\",\"potentialAction\":[{\"@type\":\"SearchAction\",\"target\":{\"@type\":\"EntryPoint\",\"urlTemplate\":\"https:\/\/loralie.templweb.com\/se\/?s={search_term_string}\"},\"query-input\":{\"@type\":\"PropertyValueSpecification\",\"valueRequired\":true,\"valueName\":\"search_term_string\"}}],\"inLanguage\":\"sv-SE\"},{\"@type\":\"Organization\",\"@id\":\"https:\/\/loralie.templweb.com\/se\/#organization\",\"name\":\"NAB Solutions AB\",\"alternateName\":\"NAB\",\"url\":\"https:\/\/loralie.templweb.com\/se\/\",\"logo\":{\"@type\":\"ImageObject\",\"inLanguage\":\"sv-SE\",\"@id\":\"https:\/\/loralie.templweb.com\/se\/#\/schema\/logo\/image\/\",\"url\":\"https:\/\/loralie.templweb.com\/se\/wp-content\/uploads\/sites\/4\/2023\/06\/nab_logo.svg\",\"contentUrl\":\"https:\/\/loralie.templweb.com\/se\/wp-content\/uploads\/sites\/4\/2023\/06\/nab_logo.svg\",\"width\":\"1024\",\"height\":\"1024\",\"caption\":\"NAB Solutions AB\"},\"image\":{\"@id\":\"https:\/\/loralie.templweb.com\/se\/#\/schema\/logo\/image\/\"},\"sameAs\":[\"https:\/\/www.facebook.com\/nabsolutionsab\/\",\"https:\/\/www.linkedin.com\/company\/nab-solutions-ab\"]}]}<\/script>\n<!-- \/ Yoast SEO plugin. -->","yoast_head_json":{"title":"Vad \u00e4r h\u00e5llbarhet f\u00f6r oss? - NAB Solutions","description":"V\u00e5r framtidsvision \u00e4r att tillsammans bygga ett h\u00e5llbart f\u00f6retag som har en positiv inverkan p\u00e5 b\u00e5de milj\u00f6n och \u00f6vriga intressenter","robots":{"index":"index","follow":"follow","max-snippet":"max-snippet:-1","max-image-preview":"max-image-preview:large","max-video-preview":"max-video-preview:-1"},"canonical":"https:\/\/loralie.templweb.com\/se\/om-nab-solutions\/hallbarhet\/vad-ar-hallbarhet-for-oss\/","og_locale":"sv_SE","og_type":"article","og_title":"Vad \u00e4r h\u00e5llbarhet f\u00f6r oss? - NAB Solutions","og_description":"V\u00e5r framtidsvision \u00e4r att tillsammans bygga ett h\u00e5llbart f\u00f6retag som har en positiv inverkan p\u00e5 b\u00e5de milj\u00f6n och \u00f6vriga intressenter","og_url":"https:\/\/loralie.templweb.com\/se\/om-nab-solutions\/hallbarhet\/vad-ar-hallbarhet-for-oss\/","og_site_name":"NAB SVERIGE","article_publisher":"https:\/\/www.facebook.com\/nabsolutionsab\/","article_modified_time":"2025-01-28T13:24:08+00:00","og_image":[{"width":1200,"height":675,"url":"https:\/\/loralie.templweb.com\/se\/wp-content\/uploads\/sites\/4\/2024\/02\/global_img-min.webp","type":"image\/webp"}],"twitter_card":"summary_large_image","twitter_misc":{"Ber\u00e4knad l\u00e4stid":"2 minuter"},"schema":{"@context":"https:\/\/schema.org","@graph":[{"@type":"WebPage","@id":"https:\/\/loralie.templweb.com\/se\/om-nab-solutions\/hallbarhet\/vad-ar-hallbarhet-for-oss\/","url":"https:\/\/loralie.templweb.com\/se\/om-nab-solutions\/hallbarhet\/vad-ar-hallbarhet-for-oss\/","name":"Vad \u00e4r h\u00e5llbarhet f\u00f6r oss? - NAB Solutions","isPartOf":{"@id":"https:\/\/loralie.templweb.com\/se\/#website"},"datePublished":"2024-09-30T13:47:34+00:00","dateModified":"2025-01-28T13:24:08+00:00","description":"V\u00e5r framtidsvision \u00e4r att tillsammans bygga ett h\u00e5llbart f\u00f6retag som har en positiv inverkan p\u00e5 b\u00e5de milj\u00f6n och \u00f6vriga intressenter","breadcrumb":{"@id":"https:\/\/loralie.templweb.com\/se\/om-nab-solutions\/hallbarhet\/vad-ar-hallbarhet-for-oss\/#breadcrumb"},"inLanguage":"sv-SE","potentialAction":[{"@type":"ReadAction","target":["https:\/\/loralie.templweb.com\/se\/om-nab-solutions\/hallbarhet\/vad-ar-hallbarhet-for-oss\/"]}]},{"@type":"BreadcrumbList","@id":"https:\/\/loralie.templweb.com\/se\/om-nab-solutions\/hallbarhet\/vad-ar-hallbarhet-for-oss\/#breadcrumb","itemListElement":[{"@type":"ListItem","position":1,"name":"Hem","item":"https:\/\/loralie.templweb.com\/se\/"},{"@type":"ListItem","position":2,"name":"Om NAB Solutions","item":"https:\/\/loralie.templweb.com\/se\/om-nab-solutions\/"},{"@type":"ListItem","position":3,"name":"H\u00e5llbarhet","item":"https:\/\/loralie.templweb.com\/se\/om-nab-solutions\/hallbarhet\/"},{"@type":"ListItem","position":4,"name":"Vad \u00e4r h\u00e5llbarhet f\u00f6r oss?"}]},{"@type":"WebSite","@id":"https:\/\/loralie.templweb.com\/se\/#website","url":"https:\/\/loralie.templweb.com\/se\/","name":"NAB Solutions AB","description":"Experter p\u00e5 Dynamics 365 &amp; Power Platform - NAB Solutions","publisher":{"@id":"https:\/\/loralie.templweb.com\/se\/#organization"},"alternateName":"NAB","potentialAction":[{"@type":"SearchAction","target":{"@type":"EntryPoint","urlTemplate":"https:\/\/loralie.templweb.com\/se\/?s={search_term_string}"},"query-input":{"@type":"PropertyValueSpecification","valueRequired":true,"valueName":"search_term_string"}}],"inLanguage":"sv-SE"},{"@type":"Organization","@id":"https:\/\/loralie.templweb.com\/se\/#organization","name":"NAB Solutions AB","alternateName":"NAB","url":"https:\/\/loralie.templweb.com\/se\/","logo":{"@type":"ImageObject","inLanguage":"sv-SE","@id":"https:\/\/loralie.templweb.com\/se\/#\/schema\/logo\/image\/","url":"https:\/\/loralie.templweb.com\/se\/wp-content\/uploads\/sites\/4\/2023\/06\/nab_logo.svg","contentUrl":"https:\/\/loralie.templweb.com\/se\/wp-content\/uploads\/sites\/4\/2023\/06\/nab_logo.svg","width":"1024","height":"1024","caption":"NAB Solutions AB"},"image":{"@id":"https:\/\/loralie.templweb.com\/se\/#\/schema\/logo\/image\/"},"sameAs":["https:\/\/www.facebook.com\/nabsolutionsab\/","https:\/\/www.linkedin.com\/company\/nab-solutions-ab"]}]}},"_links":{"self":[{"href":"https:\/\/loralie.templweb.com\/se\/wp-json\/wp\/v2\/pages\/19305","targetHints":{"allow":["GET"]}}],"collection":[{"href":"https:\/\/loralie.templweb.com\/se\/wp-json\/wp\/v2\/pages"}],"about":[{"href":"https:\/\/loralie.templweb.com\/se\/wp-json\/wp\/v2\/types\/page"}],"author":[{"embeddable":true,"href":"https:\/\/loralie.templweb.com\/se\/wp-json\/wp\/v2\/users\/2"}],"replies":[{"embeddable":true,"href":"https:\/\/loralie.templweb.com\/se\/wp-json\/wp\/v2\/comments?post=19305"}],"version-history":[{"count":4,"href":"https:\/\/loralie.templweb.com\/se\/wp-json\/wp\/v2\/pages\/19305\/revisions"}],"predecessor-version":[{"id":19518,"href":"https:\/\/loralie.templweb.com\/se\/wp-json\/wp\/v2\/pages\/19305\/revisions\/19518"}],"up":[{"embeddable":true,"href":"https:\/\/loralie.templweb.com\/se\/wp-json\/wp\/v2\/pages\/19292"}],"wp:attachment":[{"href":"https:\/\/loralie.templweb.com\/se\/wp-json\/wp\/v2\/media?parent=19305"}],"curies":[{"name":"wp","href":"https:\/\/api.w.org\/{rel}","templated":true}]}}