{"id":16241,"date":"2023-06-12T10:44:52","date_gmt":"2023-06-12T08:44:52","guid":{"rendered":"https:\/\/loralie.templweb.com\/se\/?page_id=16241"},"modified":"2025-01-31T11:59:59","modified_gmt":"2025-01-31T10:59:59","slug":"integritetspolicy","status":"publish","type":"page","link":"https:\/\/loralie.templweb.com\/se\/kundservice\/villkor-policys\/integritetspolicy\/","title":{"rendered":"Integritetspolicy"},"content":{"rendered":"\n<section class=\"nab-island top-of-page-top-padding  no-padding-bottom\" id=\"\">\n<div class=\"nab-island-inner  \">\n        \n            <p class=\"nab-breadcrumbs\">\n            <a\n                href=\"#\"\n                class=\"nab-breadcumbs-link\"\n            >\n                <img decoding=\"async\" data-src=\"https:\/\/loralie.templweb.com\/se\/wp-content\/themes\/nabsolutions\/assets\/static\/images\/\/icons\/general\/arrow_left.svg\" alt=\"Left facing arrow\" class=\"nab-link-arrow-forward nab-breadcrumbs-link-back-arrow lazyload\" src=\"data:image\/svg+xml;base64,PHN2ZyB3aWR0aD0iMSIgaGVpZ2h0PSIxIiB4bWxucz0iaHR0cDovL3d3dy53My5vcmcvMjAwMC9zdmciPjwvc3ZnPg==\">\n\n                Sida\n            <\/a>\n            <span class=\"nab-breadcumbs-link-slash\"> \/ <\/span>\n                        <span\n                class=\"nab-breadcumbs-link is-regular\"\n            >\n                Integritetspolicy            <\/span>\n        <\/p>\n    \n        <div class=\"nab-island-wrapper lazyload\"  style=\"background-image:inherit; \"  data-bg-image=\"url(https:\/\/loralie.templweb.com\/se\/wp-content\/uploads\/sites\/4\/2024\/02\/cookies-dynamics365-min.webp)\">\n            <div class=\"nab-island-wrapper-inner \">\n\n                                    <p class=\"nab-island-label \">Integritet &amp; S\u00e4kehet<\/p>\n                \n                                                            <h1 class=\"nab-island-title-big bigger-title \">Integritet &amp; Cookies<\/h1>\n                                            \n                                    <p class=\"nab-island-text\">Din integritet \u00e4r viktig f\u00f6r oss och vi vill ber\u00e4tta vilka metoder vi anv\u00e4nder och vilka uppgifter v\u00e5r webbplats samlar in om dig.<\/p>\n                        \n                                            <\/div>\n        <\/div>\n    <\/div>\n<\/section>\n\n\n<section class=\"nab-text-editor\">\n    <div class=\"nab-text-editor-inner\">\n        <div class=\"nab-text-editor-wrapper\" id=\"text-editor\">\n            \n\n<h2><b><span data-contrast=\"none\">PRIVACY POLICY<\/span><\/b><span data-ccp-props=\"{&quot;201341983&quot;:2,&quot;335559737&quot;:75,&quot;335559738&quot;:75,&quot;335559739&quot;:75,&quot;335559740&quot;:300}\">\u00a0<\/span><\/h2>\n<h3><b><span data-contrast=\"auto\">NAB SOLUTIONS AB AND NAB SOLUTIONS INC<\/span><\/b><span data-ccp-props=\"{&quot;134245418&quot;:true,&quot;134245529&quot;:true,&quot;335551550&quot;:6,&quot;335551620&quot;:6,&quot;335559738&quot;:0,&quot;335559739&quot;:160}\">\u00a0<\/span><\/h3>\n<p><span data-contrast=\"auto\">Last updated: 2025-01-24<\/span><span data-ccp-props=\"{&quot;201341983&quot;:0,&quot;335551550&quot;:6,&quot;335551620&quot;:6,&quot;335559740&quot;:269}\">\u00a0<\/span><\/p>\n<p><span data-contrast=\"auto\">This privacy policy describes how NAB SOLUTIONS (\u201cNAB\u201d) will collect and store the personal data.<\/span><\/p>\n<h3><b><span data-contrast=\"auto\">1. <\/span><\/b><span style=\"font-weight: 400;\">\u2003<\/span><b><span data-contrast=\"auto\">PERSONAL DATA<\/span><\/b><span data-ccp-props=\"{&quot;134245418&quot;:true,&quot;335551550&quot;:6,&quot;335551620&quot;:6,&quot;335559685&quot;:851,&quot;335559738&quot;:240,&quot;335559991&quot;:851,&quot;469777462&quot;:[851],&quot;469777927&quot;:[0],&quot;469777928&quot;:[8]}\">\u00a0<\/span><\/h3>\n<p><span data-contrast=\"none\">NAB will process and store personal data if you are using support service. The data will be stored during the period you are using the application. The data will be stored in NAB support system and will be deleted when you terminate the application.<\/span><\/p>\n<h3><b><span data-contrast=\"auto\">2. <\/span><\/b><span style=\"font-weight: 400;\">\u2003<\/span><b><span data-contrast=\"auto\">PURPOSE OF USE OF PERSONAL DATA<\/span><\/b><span data-ccp-props=\"{&quot;134245418&quot;:true,&quot;335551550&quot;:6,&quot;335551620&quot;:6,&quot;335559685&quot;:851,&quot;335559738&quot;:240,&quot;335559991&quot;:851,&quot;469777462&quot;:[851],&quot;469777927&quot;:[0],&quot;469777928&quot;:[8]}\">\u00a0<\/span><\/h3>\n<p><span data-contrast=\"none\">The purpose of processing and storage of personal data is to make it possible to communicate with you.<\/span><\/p>\n<h3><b><span data-contrast=\"auto\">3. <\/span><\/b><span style=\"font-weight: 400;\">\u2003<\/span><b><span data-contrast=\"auto\">SHARING PERSONAL DATA<\/span><\/b><span data-ccp-props=\"{&quot;134245418&quot;:true,&quot;335551550&quot;:6,&quot;335551620&quot;:6,&quot;335559685&quot;:851,&quot;335559738&quot;:240,&quot;335559991&quot;:851,&quot;469777462&quot;:[851],&quot;469777927&quot;:[0],&quot;469777928&quot;:[8]}\">\u00a0<\/span><\/h3>\n<p><span data-contrast=\"none\">NAB SOLUTIONS will not disclose your personal data to any third party. If NAB will use a service provider, the service provider will obtain the personal data they need in order to deliver the service. The service provider will sign a personal data assistant agreement including instructions regarding how to process the personal data according to the privacy policy, applicable laws and regulations.<\/span><\/p>\n<h3><b><span data-contrast=\"auto\">4. <\/span><\/b><span style=\"font-weight: 400;\">\u2003<\/span><b><span data-contrast=\"auto\">SECURITY OF PERSONAL DATA<\/span><\/b><span data-ccp-props=\"{&quot;134245418&quot;:true,&quot;335551550&quot;:6,&quot;335551620&quot;:6,&quot;335559685&quot;:851,&quot;335559738&quot;:240,&quot;335559991&quot;:851,&quot;469777462&quot;:[851],&quot;469777927&quot;:[0],&quot;469777928&quot;:[8]}\">\u00a0<\/span><\/h3>\n<p><span data-contrast=\"none\">The personal data is kept in a safe and secure manner by a variety of security technologies and procedures to help to protect your personal data from unauthorized access, use or disclosure. The personal data is stored in controlled facilities with limited access. Username and password shall be kept in a safe manner to prevent unauthorized access by any third party.<\/span><\/p>\n<h3><b><span data-contrast=\"auto\">6. <\/span><\/b><span style=\"font-weight: 400;\">\u2003<\/span><b><span data-contrast=\"auto\">CONTACT INFORMATION<\/span><\/b><span data-ccp-props=\"{&quot;134245418&quot;:true,&quot;335551550&quot;:6,&quot;335551620&quot;:6,&quot;335559685&quot;:851,&quot;335559738&quot;:240,&quot;335559991&quot;:851,&quot;469777462&quot;:[851],&quot;469777927&quot;:[0],&quot;469777928&quot;:[8]}\">\u00a0<\/span><\/h3>\n<p><span data-contrast=\"none\">If you have any questions regarding the privacy policy, please use:\u202f<\/span><a href=\"mailto:support@nabsolutions.com\"><span data-contrast=\"none\">support@nabsolutions.com<\/span><\/a><span data-ccp-props=\"{&quot;201341983&quot;:2,&quot;335551550&quot;:6,&quot;335551620&quot;:6,&quot;335559737&quot;:75,&quot;335559738&quot;:75,&quot;335559739&quot;:75,&quot;335559740&quot;:300}\">\u00a0<\/span><\/p>\n\n\n            <div class=\"nab-text-editor-hr\">\n            <\/div>\n        <\/div>\n    <\/div>\n<\/section>\n","protected":false},"excerpt":{"rendered":"","protected":false},"author":2,"featured_media":0,"parent":19863,"menu_order":0,"comment_status":"closed","ping_status":"closed","template":"","meta":{"_acf_changed":false,"inline_featured_image":false,"footnotes":""},"class_list":["post-16241","page","type-page","status-publish","hentry"],"acf":[],"yoast_head":"<!-- This site is optimized with the Yoast SEO plugin v26.9 - https:\/\/yoast.com\/product\/yoast-seo-wordpress\/ -->\n<title>Integritetspolicy - NAB Solutions<\/title>\n<meta name=\"description\" content=\"Din integritet \u00e4r viktig f\u00f6r oss och vi vill ber\u00e4tta vilka metoder vi anv\u00e4nder och vilka uppgifter v\u00e5r webbplats samlar in om dig.\" \/>\n<meta name=\"robots\" content=\"index, follow, max-snippet:-1, max-image-preview:large, max-video-preview:-1\" \/>\n<link rel=\"canonical\" href=\"https:\/\/loralie.templweb.com\/se\/kundservice\/villkor-policys\/integritetspolicy\/\" \/>\n<meta property=\"og:locale\" content=\"sv_SE\" \/>\n<meta property=\"og:type\" content=\"article\" \/>\n<meta property=\"og:title\" content=\"Integritetspolicy - NAB Solutions\" \/>\n<meta property=\"og:description\" content=\"Din integritet \u00e4r viktig f\u00f6r oss och vi vill ber\u00e4tta vilka metoder vi anv\u00e4nder och vilka uppgifter v\u00e5r webbplats samlar in om dig.\" \/>\n<meta property=\"og:url\" content=\"https:\/\/loralie.templweb.com\/se\/kundservice\/villkor-policys\/integritetspolicy\/\" \/>\n<meta property=\"og:site_name\" content=\"NAB SVERIGE\" \/>\n<meta property=\"article:publisher\" content=\"https:\/\/www.facebook.com\/nabsolutionsab\/\" \/>\n<meta property=\"article:modified_time\" content=\"2025-01-31T10:59:59+00:00\" \/>\n<meta property=\"og:image\" content=\"https:\/\/loralie.templweb.com\/se\/wp-content\/uploads\/sites\/4\/2024\/02\/global_img-min.webp\" \/>\n\t<meta property=\"og:image:width\" content=\"1200\" \/>\n\t<meta property=\"og:image:height\" content=\"675\" \/>\n\t<meta property=\"og:image:type\" content=\"image\/webp\" \/>\n<meta name=\"twitter:card\" content=\"summary_large_image\" \/>\n<meta name=\"twitter:label1\" content=\"Ber\u00e4knad l\u00e4stid\" \/>\n\t<meta name=\"twitter:data1\" content=\"2 minuter\" \/>\n<script type=\"application\/ld+json\" class=\"yoast-schema-graph\">{\"@context\":\"https:\/\/schema.org\",\"@graph\":[{\"@type\":\"WebPage\",\"@id\":\"https:\/\/loralie.templweb.com\/se\/kundservice\/villkor-policys\/integritetspolicy\/\",\"url\":\"https:\/\/loralie.templweb.com\/se\/kundservice\/villkor-policys\/integritetspolicy\/\",\"name\":\"Integritetspolicy - NAB Solutions\",\"isPartOf\":{\"@id\":\"https:\/\/loralie.templweb.com\/se\/#website\"},\"datePublished\":\"2023-06-12T08:44:52+00:00\",\"dateModified\":\"2025-01-31T10:59:59+00:00\",\"description\":\"Din integritet \u00e4r viktig f\u00f6r oss och vi vill ber\u00e4tta vilka metoder vi anv\u00e4nder och vilka uppgifter v\u00e5r webbplats samlar in om dig.\",\"breadcrumb\":{\"@id\":\"https:\/\/loralie.templweb.com\/se\/kundservice\/villkor-policys\/integritetspolicy\/#breadcrumb\"},\"inLanguage\":\"sv-SE\",\"potentialAction\":[{\"@type\":\"ReadAction\",\"target\":[\"https:\/\/loralie.templweb.com\/se\/kundservice\/villkor-policys\/integritetspolicy\/\"]}]},{\"@type\":\"BreadcrumbList\",\"@id\":\"https:\/\/loralie.templweb.com\/se\/kundservice\/villkor-policys\/integritetspolicy\/#breadcrumb\",\"itemListElement\":[{\"@type\":\"ListItem\",\"position\":1,\"name\":\"Hem\",\"item\":\"https:\/\/loralie.templweb.com\/se\/\"},{\"@type\":\"ListItem\",\"position\":2,\"name\":\"Kundservice\",\"item\":\"https:\/\/loralie.templweb.com\/se\/kundservice\/\"},{\"@type\":\"ListItem\",\"position\":3,\"name\":\"Villkor &amp; policys\",\"item\":\"https:\/\/loralie.templweb.com\/se\/kundservice\/villkor-policys\/\"},{\"@type\":\"ListItem\",\"position\":4,\"name\":\"Integritetspolicy\"}]},{\"@type\":\"WebSite\",\"@id\":\"https:\/\/loralie.templweb.com\/se\/#website\",\"url\":\"https:\/\/loralie.templweb.com\/se\/\",\"name\":\"NAB Solutions AB\",\"description\":\"Experter p\u00e5 Dynamics 365 &amp; Power Platform - NAB Solutions\",\"publisher\":{\"@id\":\"https:\/\/loralie.templweb.com\/se\/#organization\"},\"alternateName\":\"NAB\",\"potentialAction\":[{\"@type\":\"SearchAction\",\"target\":{\"@type\":\"EntryPoint\",\"urlTemplate\":\"https:\/\/loralie.templweb.com\/se\/?s={search_term_string}\"},\"query-input\":{\"@type\":\"PropertyValueSpecification\",\"valueRequired\":true,\"valueName\":\"search_term_string\"}}],\"inLanguage\":\"sv-SE\"},{\"@type\":\"Organization\",\"@id\":\"https:\/\/loralie.templweb.com\/se\/#organization\",\"name\":\"NAB Solutions AB\",\"alternateName\":\"NAB\",\"url\":\"https:\/\/loralie.templweb.com\/se\/\",\"logo\":{\"@type\":\"ImageObject\",\"inLanguage\":\"sv-SE\",\"@id\":\"https:\/\/loralie.templweb.com\/se\/#\/schema\/logo\/image\/\",\"url\":\"https:\/\/loralie.templweb.com\/se\/wp-content\/uploads\/sites\/4\/2023\/06\/nab_logo.svg\",\"contentUrl\":\"https:\/\/loralie.templweb.com\/se\/wp-content\/uploads\/sites\/4\/2023\/06\/nab_logo.svg\",\"width\":\"1024\",\"height\":\"1024\",\"caption\":\"NAB Solutions AB\"},\"image\":{\"@id\":\"https:\/\/loralie.templweb.com\/se\/#\/schema\/logo\/image\/\"},\"sameAs\":[\"https:\/\/www.facebook.com\/nabsolutionsab\/\",\"https:\/\/www.linkedin.com\/company\/nab-solutions-ab\"]}]}<\/script>\n<!-- \/ Yoast SEO plugin. -->","yoast_head_json":{"title":"Integritetspolicy - NAB Solutions","description":"Din integritet \u00e4r viktig f\u00f6r oss och vi vill ber\u00e4tta vilka metoder vi anv\u00e4nder och vilka uppgifter v\u00e5r webbplats samlar in om dig.","robots":{"index":"index","follow":"follow","max-snippet":"max-snippet:-1","max-image-preview":"max-image-preview:large","max-video-preview":"max-video-preview:-1"},"canonical":"https:\/\/loralie.templweb.com\/se\/kundservice\/villkor-policys\/integritetspolicy\/","og_locale":"sv_SE","og_type":"article","og_title":"Integritetspolicy - NAB Solutions","og_description":"Din integritet \u00e4r viktig f\u00f6r oss och vi vill ber\u00e4tta vilka metoder vi anv\u00e4nder och vilka uppgifter v\u00e5r webbplats samlar in om dig.","og_url":"https:\/\/loralie.templweb.com\/se\/kundservice\/villkor-policys\/integritetspolicy\/","og_site_name":"NAB SVERIGE","article_publisher":"https:\/\/www.facebook.com\/nabsolutionsab\/","article_modified_time":"2025-01-31T10:59:59+00:00","og_image":[{"width":1200,"height":675,"url":"https:\/\/loralie.templweb.com\/se\/wp-content\/uploads\/sites\/4\/2024\/02\/global_img-min.webp","type":"image\/webp"}],"twitter_card":"summary_large_image","twitter_misc":{"Ber\u00e4knad l\u00e4stid":"2 minuter"},"schema":{"@context":"https:\/\/schema.org","@graph":[{"@type":"WebPage","@id":"https:\/\/loralie.templweb.com\/se\/kundservice\/villkor-policys\/integritetspolicy\/","url":"https:\/\/loralie.templweb.com\/se\/kundservice\/villkor-policys\/integritetspolicy\/","name":"Integritetspolicy - NAB Solutions","isPartOf":{"@id":"https:\/\/loralie.templweb.com\/se\/#website"},"datePublished":"2023-06-12T08:44:52+00:00","dateModified":"2025-01-31T10:59:59+00:00","description":"Din integritet \u00e4r viktig f\u00f6r oss och vi vill ber\u00e4tta vilka metoder vi anv\u00e4nder och vilka uppgifter v\u00e5r webbplats samlar in om dig.","breadcrumb":{"@id":"https:\/\/loralie.templweb.com\/se\/kundservice\/villkor-policys\/integritetspolicy\/#breadcrumb"},"inLanguage":"sv-SE","potentialAction":[{"@type":"ReadAction","target":["https:\/\/loralie.templweb.com\/se\/kundservice\/villkor-policys\/integritetspolicy\/"]}]},{"@type":"BreadcrumbList","@id":"https:\/\/loralie.templweb.com\/se\/kundservice\/villkor-policys\/integritetspolicy\/#breadcrumb","itemListElement":[{"@type":"ListItem","position":1,"name":"Hem","item":"https:\/\/loralie.templweb.com\/se\/"},{"@type":"ListItem","position":2,"name":"Kundservice","item":"https:\/\/loralie.templweb.com\/se\/kundservice\/"},{"@type":"ListItem","position":3,"name":"Villkor &amp; policys","item":"https:\/\/loralie.templweb.com\/se\/kundservice\/villkor-policys\/"},{"@type":"ListItem","position":4,"name":"Integritetspolicy"}]},{"@type":"WebSite","@id":"https:\/\/loralie.templweb.com\/se\/#website","url":"https:\/\/loralie.templweb.com\/se\/","name":"NAB Solutions AB","description":"Experter p\u00e5 Dynamics 365 &amp; Power Platform - NAB Solutions","publisher":{"@id":"https:\/\/loralie.templweb.com\/se\/#organization"},"alternateName":"NAB","potentialAction":[{"@type":"SearchAction","target":{"@type":"EntryPoint","urlTemplate":"https:\/\/loralie.templweb.com\/se\/?s={search_term_string}"},"query-input":{"@type":"PropertyValueSpecification","valueRequired":true,"valueName":"search_term_string"}}],"inLanguage":"sv-SE"},{"@type":"Organization","@id":"https:\/\/loralie.templweb.com\/se\/#organization","name":"NAB Solutions AB","alternateName":"NAB","url":"https:\/\/loralie.templweb.com\/se\/","logo":{"@type":"ImageObject","inLanguage":"sv-SE","@id":"https:\/\/loralie.templweb.com\/se\/#\/schema\/logo\/image\/","url":"https:\/\/loralie.templweb.com\/se\/wp-content\/uploads\/sites\/4\/2023\/06\/nab_logo.svg","contentUrl":"https:\/\/loralie.templweb.com\/se\/wp-content\/uploads\/sites\/4\/2023\/06\/nab_logo.svg","width":"1024","height":"1024","caption":"NAB Solutions AB"},"image":{"@id":"https:\/\/loralie.templweb.com\/se\/#\/schema\/logo\/image\/"},"sameAs":["https:\/\/www.facebook.com\/nabsolutionsab\/","https:\/\/www.linkedin.com\/company\/nab-solutions-ab"]}]}},"_links":{"self":[{"href":"https:\/\/loralie.templweb.com\/se\/wp-json\/wp\/v2\/pages\/16241","targetHints":{"allow":["GET"]}}],"collection":[{"href":"https:\/\/loralie.templweb.com\/se\/wp-json\/wp\/v2\/pages"}],"about":[{"href":"https:\/\/loralie.templweb.com\/se\/wp-json\/wp\/v2\/types\/page"}],"author":[{"embeddable":true,"href":"https:\/\/loralie.templweb.com\/se\/wp-json\/wp\/v2\/users\/2"}],"replies":[{"embeddable":true,"href":"https:\/\/loralie.templweb.com\/se\/wp-json\/wp\/v2\/comments?post=16241"}],"version-history":[{"count":4,"href":"https:\/\/loralie.templweb.com\/se\/wp-json\/wp\/v2\/pages\/16241\/revisions"}],"predecessor-version":[{"id":20331,"href":"https:\/\/loralie.templweb.com\/se\/wp-json\/wp\/v2\/pages\/16241\/revisions\/20331"}],"up":[{"embeddable":true,"href":"https:\/\/loralie.templweb.com\/se\/wp-json\/wp\/v2\/pages\/19863"}],"wp:attachment":[{"href":"https:\/\/loralie.templweb.com\/se\/wp-json\/wp\/v2\/media?parent=16241"}],"curies":[{"name":"wp","href":"https:\/\/api.w.org\/{rel}","templated":true}]}}