{"id":14082,"date":"2023-05-02T08:57:26","date_gmt":"2023-05-02T06:57:26","guid":{"rendered":"https:\/\/loralie.templweb.com\/se\/?page_id=14082"},"modified":"2023-08-17T16:53:15","modified_gmt":"2023-08-17T14:53:15","slug":"om-nab-solutions","status":"publish","type":"page","link":"https:\/\/loralie.templweb.com\/se\/om-nab-solutions\/","title":{"rendered":"Om NAB Solutions"},"content":{"rendered":"\n<section class=\"nab-island top-of-page-top-padding page-has-extra-menu no-padding-bottom\" id=\"\">\n<div class=\"nab-island-inner  \">\n        \n    \n        <div class=\"nab-island-wrapper lazyload\"  style=\"background-image:inherit; \"  data-bg-image=\"url(https:\/\/loralie.templweb.com\/se\/wp-content\/uploads\/sites\/4\/2023\/05\/om-nab-min.jpg)\">\n            <div class=\"nab-island-wrapper-inner \">\n\n                \n                                                            <h1 class=\"nab-island-title-big bigger-title \">Fr\u00e5n Sm\u00e5l\u00e4ndska skogar<br> till b\u00e4st i v\u00e4rlden p\u00e5 ERP<\/h1>\n                                            \n                                    <p class=\"nab-island-text\">V\u00e5r vision \u00e4r inte att vara st\u00f6rst, d\u00e4remot att vara snabbast. V\u00e5rt driv att vara f\u00f6rst avspeglar sig i hela v\u00e5r identitet. Vi \u00e4r inte r\u00e4dda f\u00f6r att testa nya v\u00e4gar, vi v\u00e5gar erbjuda l\u00f6sningar som \u00e4r nya och smarta. En stabil och trygg grund formad i Sm\u00e5land har lett till att vi nu \u00e4r v\u00e4rldsledande p\u00e5 Dynamics 365. <\/p>\n                        \n                                    <a href=\"https:\/\/loralie.templweb.com\/se\/om-nab-solutions\/var-story\/\" target=\"_self\" class=\" nab-button nab-island-button\">\n                        V\u00e5r story                    <\/a>\n                                                    <a href=\"https:\/\/loralie.templweb.com\/se\/om-nab-solutions\/jobba-pa-nab\/\" target=\"_self\" class=\" nab-button outline nab-island-button\">\n                        Jobba p\u00e5 NAB                    <\/a>\n                            <\/div>\n        <\/div>\n    <\/div>\n<\/section>\n\n\r\n<section class=\"nab-half-half no-padding-bottom  \">\r\n    <div class=\"nab-half-half-inner\">\r\n        <div class=\"nab-half-half-wrapper-wrapper \">\r\n\r\n      \r\n            <div class=\"nab-half-half-wrapper is-to-left  \">\r\n                <div class=\"nab-half-half-bg-wrapper\">\r\n                \r\n                    <div class=\"nab-half-half-media\">\r\n                                                                                    <img decoding=\"async\" data-src=\"https:\/\/loralie.templweb.com\/se\/wp-content\/uploads\/sites\/4\/2021\/07\/dynamics365-all-products-min.jpg\" alt=\"AI forts\u00e4tter att v\u00e4xa\" class=\"nab-half-half-image lazyload\" src=\"data:image\/svg+xml;base64,PHN2ZyB3aWR0aD0iMSIgaGVpZ2h0PSIxIiB4bWxucz0iaHR0cDovL3d3dy53My5vcmcvMjAwMC9zdmciPjwvc3ZnPg==\" style=\"--smush-placeholder-width: 1920px; --smush-placeholder-aspect-ratio: 1920\/1080;\">\r\n                                                                        <\/div>\r\n                <\/div>\r\n                <div class=\"nab-half-half-bg-wrapper\">\r\n\r\n                    <div class=\"nab-half-half-text-wrapper\">\r\n                                                    <div class=\"nab-heading-dots-wrapper\">\r\n                                <span class=\"nab-heading-dots\"><\/span>\r\n                                <span class=\"nab-heading-dots\"><\/span>\r\n                                <span class=\"nab-heading-dots\"><\/span>\r\n                                <span class=\"nab-heading-dots\"><\/span>\r\n                                <span class=\"nab-heading-dots\"><\/span>\r\n                                <span class=\"nab-heading-dots\"><\/span>\r\n                                <span class=\"nab-heading-dots\"><\/span>\r\n                            <\/div>\r\n                                                                            <h5 class=\"nab-half-half-text-label\">Det h\u00e4r \u00e4r NAB<\/h5>\r\n                        \r\n                                                    <h3 class=\"nab-half-half-text-title\">Vi \u00e4r stolta n\u00f6rdar som brinner f\u00f6r hj\u00e4rtat i din verksamhet<\/h3>\r\n                        \r\n                                                    <p class=\"nab-half-half-text \">Vi har n\u00f6rdat ner oss i Microsofts produkter sedan 2001. I \u00f6ver 20 \u00e5r har vi digitaliserat f\u00f6retag s\u00e5 att de kan ta klivet n\u00e4rmre sina dr\u00f6mmar. Vi ser hur v\u00e5ra l\u00f6sningar \u00e4r hj\u00e4rtat i kundens verksamhet och hur r\u00e4tt aff\u00e4rsl\u00f6sning \u00e4r en stor del i deras framg\u00e5ng. V\u00e5ra l\u00f6sningar g\u00f6r att f\u00f6retag v\u00e4xer. <\/p>\r\n                        \r\n                                                    <a href=\"https:\/\/loralie.templweb.com\/se\/om-nab-solutions\/varfor-nab-solutions\/\" class=\"nab-button green nab-half-half-button \">Varf\u00f6r NAB?<\/a>\r\n                                            <\/div>\r\n                <\/div>\r\n            <\/div>\r\n        <\/div>\r\n    <\/div>\r\n<\/section>\r\n\r\n\n\n\r\n<section class=\"nab-half-half no-padding-bottom  \">\r\n    <div class=\"nab-half-half-inner\">\r\n        <div class=\"nab-half-half-wrapper-wrapper \">\r\n\r\n      \r\n            <div class=\"nab-half-half-wrapper   \">\r\n                <div class=\"nab-half-half-bg-wrapper\">\r\n                \r\n                    <div class=\"nab-half-half-media\">\r\n                                                                                    <img decoding=\"async\" data-src=\"https:\/\/loralie.templweb.com\/se\/wp-content\/uploads\/sites\/4\/2019\/04\/ALEX1893bw-1.jpg\" alt=\"Ta chansen och l\u00e4r dig mer om momsredovisning och momsrapportering!\" class=\"nab-half-half-image is-to-left lazyload\" src=\"data:image\/svg+xml;base64,PHN2ZyB3aWR0aD0iMSIgaGVpZ2h0PSIxIiB4bWxucz0iaHR0cDovL3d3dy53My5vcmcvMjAwMC9zdmciPjwvc3ZnPg==\" style=\"--smush-placeholder-width: 1200px; --smush-placeholder-aspect-ratio: 1200\/675;\">\r\n                                                                        <\/div>\r\n                <\/div>\r\n                <div class=\"nab-half-half-bg-wrapper\">\r\n\r\n                    <div class=\"nab-half-half-text-wrapper\">\r\n                                                    <div class=\"nab-heading-dots-wrapper\">\r\n                                <span class=\"nab-heading-dots\"><\/span>\r\n                                <span class=\"nab-heading-dots\"><\/span>\r\n                                <span class=\"nab-heading-dots\"><\/span>\r\n                                <span class=\"nab-heading-dots\"><\/span>\r\n                                <span class=\"nab-heading-dots\"><\/span>\r\n                                <span class=\"nab-heading-dots\"><\/span>\r\n                                <span class=\"nab-heading-dots\"><\/span>\r\n                            <\/div>\r\n                                                                            <h5 class=\"nab-half-half-text-label\">Jobba p\u00e5 NAB<\/h5>\r\n                        \r\n                                                    <h3 class=\"nab-half-half-text-title\">Dr\u00f6mmer du om att f\u00f6r\u00e4ndra hur f\u00f6retag tar sig fram\u00e5t?<\/h3>\r\n                        \r\n                                                    <p class=\"nab-half-half-text \">V\u00e5r resa sker inte av sig sj\u00e4lv. Det \u00e4r m\u00e4nniskorna p\u00e5 NAB som g\u00f6r det och den resan \u00e4r precis lika viktig. H\u00e4r utvecklas du. Du f\u00e5r vara kreativ, ta fram nya l\u00f6sningar, f\u00f6resl\u00e5 och genomf\u00f6ra f\u00f6r\u00e4ndringar och f\u00f6rb\u00e4ttringar. Att uppskatta resan \u00e4r viktigt f\u00f6r den st\u00e5r aldrig still och vi blir aldrig klara. Det g\u00e5r snabbt och vi beh\u00f6ver vara med och v\u00e5ga i den bransch vi \u00e4r i.<\/p>\r\n                        \r\n                                            <\/div>\r\n                <\/div>\r\n            <\/div>\r\n        <\/div>\r\n    <\/div>\r\n<\/section>\r\n\r\n\n\n\r\n<section class=\"nab-half-half no-padding-bottom  \">\r\n    <div class=\"nab-half-half-inner\">\r\n        <div class=\"nab-half-half-wrapper-wrapper has-background\">\r\n\r\n      \r\n            <div class=\"nab-half-half-wrapper is-to-left  \">\r\n                <div class=\"nab-half-half-bg-wrapper\">\r\n                \r\n                    <div class=\"nab-half-half-media\">\r\n                                                                                    <img decoding=\"async\" data-src=\"https:\/\/loralie.templweb.com\/se\/wp-content\/uploads\/sites\/4\/2023\/04\/Frame-173-1.png\" alt=\"NAB Solutions lanserar nytt bolag i USA f\u00f6r att st\u00e4rka sin globala n\u00e4rvaro\u00a0\" class=\"nab-half-half-image lazyload\" src=\"data:image\/svg+xml;base64,PHN2ZyB3aWR0aD0iMSIgaGVpZ2h0PSIxIiB4bWxucz0iaHR0cDovL3d3dy53My5vcmcvMjAwMC9zdmciPjwvc3ZnPg==\" style=\"--smush-placeholder-width: 1920px; --smush-placeholder-aspect-ratio: 1920\/1080;\">\r\n                                                                        <\/div>\r\n                <\/div>\r\n                <div class=\"nab-half-half-bg-wrapper\">\r\n\r\n                    <div class=\"nab-half-half-text-wrapper\">\r\n                                                    <div class=\"nab-heading-dots-wrapper\">\r\n                                <span class=\"nab-heading-dots\"><\/span>\r\n                                <span class=\"nab-heading-dots\"><\/span>\r\n                                <span class=\"nab-heading-dots\"><\/span>\r\n                                <span class=\"nab-heading-dots\"><\/span>\r\n                                <span class=\"nab-heading-dots\"><\/span>\r\n                                <span class=\"nab-heading-dots\"><\/span>\r\n                                <span class=\"nab-heading-dots\"><\/span>\r\n                            <\/div>\r\n                                                                            <h5 class=\"nab-half-half-text-label\">Jobba p\u00e5 NAB<\/h5>\r\n                        \r\n                                                    <h3 class=\"nab-half-half-text-title\">Har du ett starkt driv som du vill g\u00f6ra n\u00e5got coolt med?<\/h3>\r\n                        \r\n                                                    <p class=\"nab-half-half-text \">Vi \u00e4r alltid intresserade av att arbeta med m\u00e4nniskor som vill fram\u00e5t, precis som vi. Vi lovar att du utvecklas hos oss och har en chans att v\u00e4xa med nya uppgifter och roller. Vi arbetar i team, vi v\u00e5gar testa, vi tar v\u00e5rt ansvar, vi st\u00e5r upp f\u00f6r varandra och vi levererar marknadens b\u00e4sta l\u00f6sningar baserat p\u00e5 Microsoft Dynamics 365.   <\/p>\r\n                        \r\n                                                    <a href=\"https:\/\/loralie.templweb.com\/se\/om-nab-solutions\/jobba-pa-nab\/\" class=\"nab-button green nab-half-half-button \">Jobba p\u00e5 NAB<\/a>\r\n                                            <\/div>\r\n                <\/div>\r\n            <\/div>\r\n        <\/div>\r\n    <\/div>\r\n<\/section>\r\n\r\n\n\n\r\n<section class=\"nab-page-entry no-padding-top\">\r\n    <div class=\"nab-page-entry-inner\">\r\n        <div class=\"nab-page-entry-wrapper\">\r\n                    <div class=\"nab-page-entry-item no-padding-top\">\r\n                <div class=\"nab-page-entry-item-inner\">\r\n                                            <h4 class=\"nab-page-entry-item-heading\">Nyheter &amp; aktuellt<\/h4>\r\n                                                                <p class=\"nab-page-entry-item-text\">Vad h\u00e4nder just nu? H\u00e4r samlar vi nyheter kring oss, v\u00e5ra produkter och tj\u00e4nster och v\u00e5r bransch. Men du hittar ocks\u00e5 mycket annat kul.<\/p>\r\n                                                                <a href=\"https:\/\/loralie.templweb.com\/se\/nyheter\/\" class=\"nab-page-entry-item-link\">\r\n                            <img decoding=\"async\" data-src=\"https:\/\/loralie.templweb.com\/se\/wp-content\/themes\/nabsolutions\/assets\/static\/images\/\/icons\/general\/arrow_right.svg\" alt=\"Right facing arrow\" class=\"nab-link-arrow-forward nab-page-entry-item-link-arrow lazyload\" src=\"data:image\/svg+xml;base64,PHN2ZyB3aWR0aD0iMSIgaGVpZ2h0PSIxIiB4bWxucz0iaHR0cDovL3d3dy53My5vcmcvMjAwMC9zdmciPjwvc3ZnPg==\">\r\n                            Till alla nyheter                        <\/a>\r\n                                    <\/div>\r\n            <\/div>\r\n                    <div class=\"nab-page-entry-item no-padding-top\">\r\n                <div class=\"nab-page-entry-item-inner\">\r\n                                            <h4 class=\"nab-page-entry-item-heading\">NABs historia<\/h4>\r\n                                                                <p class=\"nab-page-entry-item-text\">Network and Business Solutions d\u00f6ptes f\u00f6retaget till 2001. Mycket har h\u00e4nt sen dess och h\u00e4r kan du l\u00e4sa om hur resan har sett ut fr\u00e5n starten till idag.<\/p>\r\n                                                                <a href=\"https:\/\/loralie.templweb.com\/se\/om-nab-solutions\/var-story\/\" class=\"nab-page-entry-item-link\">\r\n                            <img decoding=\"async\" data-src=\"https:\/\/loralie.templweb.com\/se\/wp-content\/themes\/nabsolutions\/assets\/static\/images\/\/icons\/general\/arrow_right.svg\" alt=\"Right facing arrow\" class=\"nab-link-arrow-forward nab-page-entry-item-link-arrow lazyload\" src=\"data:image\/svg+xml;base64,PHN2ZyB3aWR0aD0iMSIgaGVpZ2h0PSIxIiB4bWxucz0iaHR0cDovL3d3dy53My5vcmcvMjAwMC9zdmciPjwvc3ZnPg==\">\r\n                            L\u00e4s mer                        <\/a>\r\n                                    <\/div>\r\n            <\/div>\r\n                <\/div>\r\n    <\/div>\r\n<\/section>","protected":false},"excerpt":{"rendered":"","protected":false},"author":2,"featured_media":14083,"parent":0,"menu_order":0,"comment_status":"closed","ping_status":"closed","template":"","meta":{"_acf_changed":false,"inline_featured_image":false,"footnotes":""},"class_list":["post-14082","page","type-page","status-publish","has-post-thumbnail","hentry"],"acf":[],"yoast_head":"<!-- This site is optimized with the Yoast SEO plugin v26.9 - https:\/\/yoast.com\/product\/yoast-seo-wordpress\/ -->\n<title>Om NAB Solutions - NAB Solutions<\/title>\n<meta name=\"description\" content=\"Om NAB Solutions. En stabil och trygg grund formad i Sm\u00e5land har lett till att vi nu \u00e4r v\u00e4rldsledande p\u00e5 Dynamics 365.\" \/>\n<meta name=\"robots\" content=\"index, follow, max-snippet:-1, max-image-preview:large, max-video-preview:-1\" \/>\n<link rel=\"canonical\" href=\"https:\/\/loralie.templweb.com\/se\/om-nab-solutions\/\" \/>\n<meta property=\"og:locale\" content=\"sv_SE\" \/>\n<meta property=\"og:type\" content=\"article\" \/>\n<meta property=\"og:title\" content=\"Om NAB Solutions - NAB Solutions\" \/>\n<meta property=\"og:description\" content=\"Om NAB Solutions. En stabil och trygg grund formad i Sm\u00e5land har lett till att vi nu \u00e4r v\u00e4rldsledande p\u00e5 Dynamics 365.\" \/>\n<meta property=\"og:url\" content=\"https:\/\/loralie.templweb.com\/se\/om-nab-solutions\/\" \/>\n<meta property=\"og:site_name\" content=\"NAB SVERIGE\" \/>\n<meta property=\"article:publisher\" content=\"https:\/\/www.facebook.com\/nabsolutionsab\/\" \/>\n<meta property=\"article:modified_time\" content=\"2023-08-17T14:53:15+00:00\" \/>\n<meta property=\"og:image\" content=\"https:\/\/loralie.templweb.com\/se\/wp-content\/uploads\/sites\/4\/2023\/05\/om-nab-min.jpg\" \/>\n\t<meta property=\"og:image:width\" content=\"2280\" \/>\n\t<meta property=\"og:image:height\" content=\"1042\" \/>\n\t<meta property=\"og:image:type\" content=\"image\/jpeg\" \/>\n<meta name=\"twitter:card\" content=\"summary_large_image\" \/>\n<script type=\"application\/ld+json\" class=\"yoast-schema-graph\">{\"@context\":\"https:\/\/schema.org\",\"@graph\":[{\"@type\":\"WebPage\",\"@id\":\"https:\/\/loralie.templweb.com\/se\/om-nab-solutions\/\",\"url\":\"https:\/\/loralie.templweb.com\/se\/om-nab-solutions\/\",\"name\":\"Om NAB Solutions - NAB Solutions\",\"isPartOf\":{\"@id\":\"https:\/\/loralie.templweb.com\/se\/#website\"},\"primaryImageOfPage\":{\"@id\":\"https:\/\/loralie.templweb.com\/se\/om-nab-solutions\/#primaryimage\"},\"image\":{\"@id\":\"https:\/\/loralie.templweb.com\/se\/om-nab-solutions\/#primaryimage\"},\"thumbnailUrl\":\"https:\/\/loralie.templweb.com\/se\/wp-content\/uploads\/sites\/4\/2023\/05\/om-nab-min.jpg\",\"datePublished\":\"2023-05-02T06:57:26+00:00\",\"dateModified\":\"2023-08-17T14:53:15+00:00\",\"description\":\"Om NAB Solutions. En stabil och trygg grund formad i Sm\u00e5land har lett till att vi nu \u00e4r v\u00e4rldsledande p\u00e5 Dynamics 365.\",\"breadcrumb\":{\"@id\":\"https:\/\/loralie.templweb.com\/se\/om-nab-solutions\/#breadcrumb\"},\"inLanguage\":\"sv-SE\",\"potentialAction\":[{\"@type\":\"ReadAction\",\"target\":[\"https:\/\/loralie.templweb.com\/se\/om-nab-solutions\/\"]}]},{\"@type\":\"ImageObject\",\"inLanguage\":\"sv-SE\",\"@id\":\"https:\/\/loralie.templweb.com\/se\/om-nab-solutions\/#primaryimage\",\"url\":\"https:\/\/loralie.templweb.com\/se\/wp-content\/uploads\/sites\/4\/2023\/05\/om-nab-min.jpg\",\"contentUrl\":\"https:\/\/loralie.templweb.com\/se\/wp-content\/uploads\/sites\/4\/2023\/05\/om-nab-min.jpg\",\"width\":2280,\"height\":1042,\"caption\":\"Om NAB Solutions\"},{\"@type\":\"BreadcrumbList\",\"@id\":\"https:\/\/loralie.templweb.com\/se\/om-nab-solutions\/#breadcrumb\",\"itemListElement\":[{\"@type\":\"ListItem\",\"position\":1,\"name\":\"Hem\",\"item\":\"https:\/\/loralie.templweb.com\/se\/\"},{\"@type\":\"ListItem\",\"position\":2,\"name\":\"Om NAB Solutions\"}]},{\"@type\":\"WebSite\",\"@id\":\"https:\/\/loralie.templweb.com\/se\/#website\",\"url\":\"https:\/\/loralie.templweb.com\/se\/\",\"name\":\"NAB Solutions AB\",\"description\":\"Experter p\u00e5 Dynamics 365 &amp; Power Platform - NAB Solutions\",\"publisher\":{\"@id\":\"https:\/\/loralie.templweb.com\/se\/#organization\"},\"alternateName\":\"NAB\",\"potentialAction\":[{\"@type\":\"SearchAction\",\"target\":{\"@type\":\"EntryPoint\",\"urlTemplate\":\"https:\/\/loralie.templweb.com\/se\/?s={search_term_string}\"},\"query-input\":{\"@type\":\"PropertyValueSpecification\",\"valueRequired\":true,\"valueName\":\"search_term_string\"}}],\"inLanguage\":\"sv-SE\"},{\"@type\":\"Organization\",\"@id\":\"https:\/\/loralie.templweb.com\/se\/#organization\",\"name\":\"NAB Solutions AB\",\"alternateName\":\"NAB\",\"url\":\"https:\/\/loralie.templweb.com\/se\/\",\"logo\":{\"@type\":\"ImageObject\",\"inLanguage\":\"sv-SE\",\"@id\":\"https:\/\/loralie.templweb.com\/se\/#\/schema\/logo\/image\/\",\"url\":\"https:\/\/loralie.templweb.com\/se\/wp-content\/uploads\/sites\/4\/2023\/06\/nab_logo.svg\",\"contentUrl\":\"https:\/\/loralie.templweb.com\/se\/wp-content\/uploads\/sites\/4\/2023\/06\/nab_logo.svg\",\"width\":\"1024\",\"height\":\"1024\",\"caption\":\"NAB Solutions AB\"},\"image\":{\"@id\":\"https:\/\/loralie.templweb.com\/se\/#\/schema\/logo\/image\/\"},\"sameAs\":[\"https:\/\/www.facebook.com\/nabsolutionsab\/\",\"https:\/\/www.linkedin.com\/company\/nab-solutions-ab\"]}]}<\/script>\n<!-- \/ Yoast SEO plugin. -->","yoast_head_json":{"title":"Om NAB Solutions - NAB Solutions","description":"Om NAB Solutions. En stabil och trygg grund formad i Sm\u00e5land har lett till att vi nu \u00e4r v\u00e4rldsledande p\u00e5 Dynamics 365.","robots":{"index":"index","follow":"follow","max-snippet":"max-snippet:-1","max-image-preview":"max-image-preview:large","max-video-preview":"max-video-preview:-1"},"canonical":"https:\/\/loralie.templweb.com\/se\/om-nab-solutions\/","og_locale":"sv_SE","og_type":"article","og_title":"Om NAB Solutions - NAB Solutions","og_description":"Om NAB Solutions. En stabil och trygg grund formad i Sm\u00e5land har lett till att vi nu \u00e4r v\u00e4rldsledande p\u00e5 Dynamics 365.","og_url":"https:\/\/loralie.templweb.com\/se\/om-nab-solutions\/","og_site_name":"NAB SVERIGE","article_publisher":"https:\/\/www.facebook.com\/nabsolutionsab\/","article_modified_time":"2023-08-17T14:53:15+00:00","og_image":[{"width":2280,"height":1042,"url":"https:\/\/loralie.templweb.com\/se\/wp-content\/uploads\/sites\/4\/2023\/05\/om-nab-min.jpg","type":"image\/jpeg"}],"twitter_card":"summary_large_image","schema":{"@context":"https:\/\/schema.org","@graph":[{"@type":"WebPage","@id":"https:\/\/loralie.templweb.com\/se\/om-nab-solutions\/","url":"https:\/\/loralie.templweb.com\/se\/om-nab-solutions\/","name":"Om NAB Solutions - NAB Solutions","isPartOf":{"@id":"https:\/\/loralie.templweb.com\/se\/#website"},"primaryImageOfPage":{"@id":"https:\/\/loralie.templweb.com\/se\/om-nab-solutions\/#primaryimage"},"image":{"@id":"https:\/\/loralie.templweb.com\/se\/om-nab-solutions\/#primaryimage"},"thumbnailUrl":"https:\/\/loralie.templweb.com\/se\/wp-content\/uploads\/sites\/4\/2023\/05\/om-nab-min.jpg","datePublished":"2023-05-02T06:57:26+00:00","dateModified":"2023-08-17T14:53:15+00:00","description":"Om NAB Solutions. En stabil och trygg grund formad i Sm\u00e5land har lett till att vi nu \u00e4r v\u00e4rldsledande p\u00e5 Dynamics 365.","breadcrumb":{"@id":"https:\/\/loralie.templweb.com\/se\/om-nab-solutions\/#breadcrumb"},"inLanguage":"sv-SE","potentialAction":[{"@type":"ReadAction","target":["https:\/\/loralie.templweb.com\/se\/om-nab-solutions\/"]}]},{"@type":"ImageObject","inLanguage":"sv-SE","@id":"https:\/\/loralie.templweb.com\/se\/om-nab-solutions\/#primaryimage","url":"https:\/\/loralie.templweb.com\/se\/wp-content\/uploads\/sites\/4\/2023\/05\/om-nab-min.jpg","contentUrl":"https:\/\/loralie.templweb.com\/se\/wp-content\/uploads\/sites\/4\/2023\/05\/om-nab-min.jpg","width":2280,"height":1042,"caption":"Om NAB Solutions"},{"@type":"BreadcrumbList","@id":"https:\/\/loralie.templweb.com\/se\/om-nab-solutions\/#breadcrumb","itemListElement":[{"@type":"ListItem","position":1,"name":"Hem","item":"https:\/\/loralie.templweb.com\/se\/"},{"@type":"ListItem","position":2,"name":"Om NAB Solutions"}]},{"@type":"WebSite","@id":"https:\/\/loralie.templweb.com\/se\/#website","url":"https:\/\/loralie.templweb.com\/se\/","name":"NAB Solutions AB","description":"Experter p\u00e5 Dynamics 365 &amp; Power Platform - NAB Solutions","publisher":{"@id":"https:\/\/loralie.templweb.com\/se\/#organization"},"alternateName":"NAB","potentialAction":[{"@type":"SearchAction","target":{"@type":"EntryPoint","urlTemplate":"https:\/\/loralie.templweb.com\/se\/?s={search_term_string}"},"query-input":{"@type":"PropertyValueSpecification","valueRequired":true,"valueName":"search_term_string"}}],"inLanguage":"sv-SE"},{"@type":"Organization","@id":"https:\/\/loralie.templweb.com\/se\/#organization","name":"NAB Solutions AB","alternateName":"NAB","url":"https:\/\/loralie.templweb.com\/se\/","logo":{"@type":"ImageObject","inLanguage":"sv-SE","@id":"https:\/\/loralie.templweb.com\/se\/#\/schema\/logo\/image\/","url":"https:\/\/loralie.templweb.com\/se\/wp-content\/uploads\/sites\/4\/2023\/06\/nab_logo.svg","contentUrl":"https:\/\/loralie.templweb.com\/se\/wp-content\/uploads\/sites\/4\/2023\/06\/nab_logo.svg","width":"1024","height":"1024","caption":"NAB Solutions AB"},"image":{"@id":"https:\/\/loralie.templweb.com\/se\/#\/schema\/logo\/image\/"},"sameAs":["https:\/\/www.facebook.com\/nabsolutionsab\/","https:\/\/www.linkedin.com\/company\/nab-solutions-ab"]}]}},"_links":{"self":[{"href":"https:\/\/loralie.templweb.com\/se\/wp-json\/wp\/v2\/pages\/14082","targetHints":{"allow":["GET"]}}],"collection":[{"href":"https:\/\/loralie.templweb.com\/se\/wp-json\/wp\/v2\/pages"}],"about":[{"href":"https:\/\/loralie.templweb.com\/se\/wp-json\/wp\/v2\/types\/page"}],"author":[{"embeddable":true,"href":"https:\/\/loralie.templweb.com\/se\/wp-json\/wp\/v2\/users\/2"}],"replies":[{"embeddable":true,"href":"https:\/\/loralie.templweb.com\/se\/wp-json\/wp\/v2\/comments?post=14082"}],"version-history":[{"count":0,"href":"https:\/\/loralie.templweb.com\/se\/wp-json\/wp\/v2\/pages\/14082\/revisions"}],"wp:featuredmedia":[{"embeddable":true,"href":"https:\/\/loralie.templweb.com\/se\/wp-json\/wp\/v2\/media\/14083"}],"wp:attachment":[{"href":"https:\/\/loralie.templweb.com\/se\/wp-json\/wp\/v2\/media?parent=14082"}],"curies":[{"name":"wp","href":"https:\/\/api.w.org\/{rel}","templated":true}]}}